{"id":14134,"date":"2020-07-13T00:18:40","date_gmt":"2020-07-12T14:18:40","guid":{"rendered":"https:\/\/experteducation.com\/colombia\/?page_id=14134"},"modified":"2023-05-01T15:19:47","modified_gmt":"2023-05-01T05:19:47","slug":"message-from-director","status":"publish","type":"page","link":"https:\/\/experteducation.com\/brazil\/about\/message-from-director\/","title":{"rendered":"Mensagem do Diretor"},"content":{"rendered":"<p>[vc_row equal_height=&#8221;yes&#8221; content_placement=&#8221;middle&#8221;][vc_column width=&#8221;1\/2&#8243;][vc_single_image image=&#8221;17623&#8243; img_size=&#8221;full&#8221; alignment=&#8221;center&#8221; style=&#8221;vc_box_rounded&#8221; css=&#8221;.vc_custom_1661839817330{margin-top: 30px !important;}&#8221;][\/vc_column][vc_column width=&#8221;1\/2&#8243; css=&#8221;.vc_custom_1594600152280{margin-top: 50px !important;}&#8221;]<h6 style=\"text-align:left;line-height:1.8;font-family:'Droid Serif',Arial,Helvetica;font-weight:400;\" class=\"themestek-custom-heading \" >Bem-vindo \u00e0 Expert Education \u2013 o fornecedor l\u00edder de solu\u00e7\u00f5es completas para estudantes internacionais estudarem e morarem na Austr\u00e1lia. Na Expert Education, n\u00f3s nos esfor\u00e7amos continuamente para fornecer aconselhamento confi\u00e1vel a estudantes de todo o mundo para ajud\u00e1-los a promover seu crescimento acad\u00eamico e profissional na Austr\u00e1lia. E ao faz\u00ea-lo, mantemos sempre no foco o bem-estar e a satisfa\u00e7\u00e3o dos nossos clientes.<\/h6>\n[vc_column_text]Adotamos o esp\u00edrito de transpar\u00eancia e confiabilidade em todos os nossos servi\u00e7os oferecidos em nossos escrit\u00f3rios globais em dez pa\u00edses. \u00c9 esse esp\u00edrito que nos conquistou o respeito e o apre\u00e7o dos mais de 40.000 clientes que atendemos e nos posicionamos como especialistas no setor.<\/p>\n<p>Impulsionados por nossa paix\u00e3o genu\u00edna por ajudar estudantes internacionais a selecionar cursos profissionais de alta demanda, matricular-se em institui\u00e7\u00f5es educacionais de classe mundial e promover suas ambi\u00e7\u00f5es profissionais na Austr\u00e1lia, expandimos nosso portf\u00f3lio de servi\u00e7os para incluir servi\u00e7os que um estudante internacional pode precisam estudar e morar na Austr\u00e1lia.<\/p>\n<p>Gostar\u00edamos de expressar nossa gratid\u00e3o a todos os nossos clientes, simpatizantes e nossas institui\u00e7\u00f5es parceiras na Austr\u00e1lia e em todo o mundo por apreciarem nossos valores e por fazerem parte de nossa miss\u00e3o. Tamb\u00e9m gostar\u00edamos de garantir aos nossos alunos e parceiros que continuaremos nos esfor\u00e7ando para manter nosso compromisso de tornar a educa\u00e7\u00e3o australiana acess\u00edvel a estudantes merecedores em todo o mundo.[\/vc_column_text][vc_column_text]<strong>Atenciosamente,<\/strong><br \/>\n<strong>Badri Aryal<\/strong>[\/vc_column_text][\/vc_column][\/vc_row]<\/p>\n","protected":false},"excerpt":{"rendered":"<p>[vc_row equal_height=&#8221;yes&#8221; content_placement=&#8221;middle&#8221;][vc_column width=&#8221;1\/2&#8243;][vc_single_image image=&#8221;17623&#8243; img_size=&#8221;full&#8221; alignment=&#8221;center&#8221; style=&#8221;vc_box_rounded&#8221; css=&#8221;.vc_custom_1661839817330{margin-top: 30px !important;}&#8221;][\/vc_column][vc_column width=&#8221;1\/2&#8243; css=&#8221;.vc_custom_1594600152280{margin-top: 50px !important;}&#8221;][vc_column_text]Adotamos o esp\u00edrito de transpar\u00eancia e confiabilidade em todos os nossos servi\u00e7os oferecidos em nossos escrit\u00f3rios &hellip; <a href=\"https:\/\/experteducation.com\/brazil\/about\/message-from-director\/\" class=\"more-link\">Continue reading <span class=\"screen-reader-text\">Mensagem do Diretor<\/span><\/a><\/p>\n","protected":false},"author":1,"featured_media":0,"parent":6669,"menu_order":7,"comment_status":"closed","ping_status":"closed","template":"","meta":{"_monsterinsights_skip_tracking":false,"_monsterinsights_sitenote_active":false,"_monsterinsights_sitenote_note":"","_monsterinsights_sitenote_category":0,"footnotes":""},"class_list":["post-14134","page","type-page","status-publish","hentry"],"yoast_head":"<!-- This site is optimized with the Yoast SEO Premium plugin v18.7 (Yoast SEO v23.4) - https:\/\/yoast.com\/wordpress\/plugins\/seo\/ -->\n<title>Message from Director - Expert Education<\/title>\n<meta name=\"description\" content=\"At Expert Education Australia, we continuously strive to provide credible and trustworthy counselling to students from all over the world to help them further their academic and professional growth.\" \/>\n<meta name=\"robots\" content=\"index, follow, max-snippet:-1, max-image-preview:large, max-video-preview:-1\" \/>\n<link rel=\"canonical\" href=\"https:\/\/experteducation.com\/brazil\/about\/message-from-director\/\" \/>\n<meta property=\"og:locale\" content=\"en_US\" \/>\n<meta property=\"og:type\" content=\"article\" \/>\n<meta property=\"og:title\" content=\"Mensagem do Diretor\" \/>\n<meta property=\"og:description\" content=\"At Expert Education Australia, we continuously strive to provide credible and trustworthy counselling to students from all over the world to help them further their academic and professional growth.\" \/>\n<meta property=\"og:url\" content=\"https:\/\/experteducation.com\/brazil\/about\/message-from-director\/\" \/>\n<meta property=\"og:site_name\" content=\"Expert Education Brazil\" \/>\n<meta property=\"article:publisher\" content=\"https:\/\/www.facebook.com\/ExpertEducationandVisaServices\" \/>\n<meta property=\"article:modified_time\" content=\"2023-05-01T05:19:47+00:00\" \/>\n<meta property=\"og:image\" content=\"https:\/\/cdn.experteducation.com\/wp-content\/uploads\/sites\/14\/2021\/03\/20180311\/Expert-Logo_Primary-Logo-1-e1615515117209.png\" \/>\n\t<meta property=\"og:image:width\" content=\"3771\" \/>\n\t<meta property=\"og:image:height\" content=\"1116\" \/>\n\t<meta property=\"og:image:type\" content=\"image\/png\" \/>\n<meta name=\"twitter:card\" content=\"summary_large_image\" \/>\n<meta name=\"twitter:site\" content=\"@expertsydney\" \/>\n<meta name=\"twitter:label1\" content=\"Est. reading time\" \/>\n\t<meta name=\"twitter:data1\" content=\"2 minutes\" \/>\n<script type=\"application\/ld+json\" class=\"yoast-schema-graph\">{\"@context\":\"https:\/\/schema.org\",\"@graph\":[{\"@type\":\"WebPage\",\"@id\":\"https:\/\/experteducation.com\/brazil\/about\/message-from-director\/\",\"url\":\"https:\/\/experteducation.com\/brazil\/about\/message-from-director\/\",\"name\":\"Message from Director - Expert Education\",\"isPartOf\":{\"@id\":\"https:\/\/experteducation.com\/brazil\/#website\"},\"datePublished\":\"2020-07-12T14:18:40+00:00\",\"dateModified\":\"2023-05-01T05:19:47+00:00\",\"description\":\"At Expert Education Australia, we continuously strive to provide credible and trustworthy counselling to students from all over the world to help them further their academic and professional growth.\",\"breadcrumb\":{\"@id\":\"https:\/\/experteducation.com\/brazil\/about\/message-from-director\/#breadcrumb\"},\"inLanguage\":\"en-US\",\"potentialAction\":[{\"@type\":\"ReadAction\",\"target\":[\"https:\/\/experteducation.com\/brazil\/about\/message-from-director\/\"]}]},{\"@type\":\"BreadcrumbList\",\"@id\":\"https:\/\/experteducation.com\/brazil\/about\/message-from-director\/#breadcrumb\",\"itemListElement\":[{\"@type\":\"ListItem\",\"position\":1,\"name\":\"Home\",\"item\":\"https:\/\/experteducation.com\/brazil\/\"},{\"@type\":\"ListItem\",\"position\":2,\"name\":\"Sobre n\u00f3s\",\"item\":\"https:\/\/experteducation.com\/brazil\/about\/\"},{\"@type\":\"ListItem\",\"position\":3,\"name\":\"Mensagem do Diretor\"}]},{\"@type\":\"WebSite\",\"@id\":\"https:\/\/experteducation.com\/brazil\/#website\",\"url\":\"https:\/\/experteducation.com\/brazil\/\",\"name\":\"Expert Education Brazil\",\"description\":\"Rely on Experts\",\"publisher\":{\"@id\":\"https:\/\/experteducation.com\/brazil\/#organization\"},\"potentialAction\":[{\"@type\":\"SearchAction\",\"target\":{\"@type\":\"EntryPoint\",\"urlTemplate\":\"https:\/\/experteducation.com\/brazil\/?s={search_term_string}\"},\"query-input\":{\"@type\":\"PropertyValueSpecification\",\"valueRequired\":true,\"valueName\":\"search_term_string\"}}],\"inLanguage\":\"en-US\"},{\"@type\":\"Organization\",\"@id\":\"https:\/\/experteducation.com\/brazil\/#organization\",\"name\":\"Expert Education and Visa Services\",\"url\":\"https:\/\/experteducation.com\/brazil\/\",\"logo\":{\"@type\":\"ImageObject\",\"inLanguage\":\"en-US\",\"@id\":\"https:\/\/experteducation.com\/brazil\/#\/schema\/logo\/image\/\",\"url\":\"https:\/\/experteducation.com\/colombia\/wp-content\/uploads\/sites\/14\/2020\/07\/expert-education-and-visa-services.png\",\"contentUrl\":\"https:\/\/experteducation.com\/colombia\/wp-content\/uploads\/sites\/14\/2020\/07\/expert-education-and-visa-services.png\",\"width\":1140,\"height\":220,\"caption\":\"Expert Education and Visa Services\"},\"image\":{\"@id\":\"https:\/\/experteducation.com\/brazil\/#\/schema\/logo\/image\/\"},\"sameAs\":[\"https:\/\/www.facebook.com\/ExpertEducationandVisaServices\",\"https:\/\/x.com\/expertsydney\",\"https:\/\/www.instagram.com\/expert.sydney\/\",\"https:\/\/www.linkedin.com\/company\/expert-education-visa-services\",\"https:\/\/www.youtube.com\/channel\/UCiR8aiaTMsFeEk9JDuTdTZg\"]}]}<\/script>\n<!-- \/ Yoast SEO Premium plugin. -->","yoast_head_json":{"title":"Message from Director - Expert Education","description":"At Expert Education Australia, we continuously strive to provide credible and trustworthy counselling to students from all over the world to help them further their academic and professional growth.","robots":{"index":"index","follow":"follow","max-snippet":"max-snippet:-1","max-image-preview":"max-image-preview:large","max-video-preview":"max-video-preview:-1"},"canonical":"https:\/\/experteducation.com\/brazil\/about\/message-from-director\/","og_locale":"en_US","og_type":"article","og_title":"Mensagem do Diretor","og_description":"At Expert Education Australia, we continuously strive to provide credible and trustworthy counselling to students from all over the world to help them further their academic and professional growth.","og_url":"https:\/\/experteducation.com\/brazil\/about\/message-from-director\/","og_site_name":"Expert Education Brazil","article_publisher":"https:\/\/www.facebook.com\/ExpertEducationandVisaServices","article_modified_time":"2023-05-01T05:19:47+00:00","og_image":[{"width":3771,"height":1116,"url":"https:\/\/cdn.experteducation.com\/wp-content\/uploads\/sites\/14\/2021\/03\/20180311\/Expert-Logo_Primary-Logo-1-e1615515117209.png","type":"image\/png"}],"twitter_card":"summary_large_image","twitter_site":"@expertsydney","twitter_misc":{"Est. reading time":"2 minutes"},"schema":{"@context":"https:\/\/schema.org","@graph":[{"@type":"WebPage","@id":"https:\/\/experteducation.com\/brazil\/about\/message-from-director\/","url":"https:\/\/experteducation.com\/brazil\/about\/message-from-director\/","name":"Message from Director - Expert Education","isPartOf":{"@id":"https:\/\/experteducation.com\/brazil\/#website"},"datePublished":"2020-07-12T14:18:40+00:00","dateModified":"2023-05-01T05:19:47+00:00","description":"At Expert Education Australia, we continuously strive to provide credible and trustworthy counselling to students from all over the world to help them further their academic and professional growth.","breadcrumb":{"@id":"https:\/\/experteducation.com\/brazil\/about\/message-from-director\/#breadcrumb"},"inLanguage":"en-US","potentialAction":[{"@type":"ReadAction","target":["https:\/\/experteducation.com\/brazil\/about\/message-from-director\/"]}]},{"@type":"BreadcrumbList","@id":"https:\/\/experteducation.com\/brazil\/about\/message-from-director\/#breadcrumb","itemListElement":[{"@type":"ListItem","position":1,"name":"Home","item":"https:\/\/experteducation.com\/brazil\/"},{"@type":"ListItem","position":2,"name":"Sobre n\u00f3s","item":"https:\/\/experteducation.com\/brazil\/about\/"},{"@type":"ListItem","position":3,"name":"Mensagem do Diretor"}]},{"@type":"WebSite","@id":"https:\/\/experteducation.com\/brazil\/#website","url":"https:\/\/experteducation.com\/brazil\/","name":"Expert Education Brazil","description":"Rely on Experts","publisher":{"@id":"https:\/\/experteducation.com\/brazil\/#organization"},"potentialAction":[{"@type":"SearchAction","target":{"@type":"EntryPoint","urlTemplate":"https:\/\/experteducation.com\/brazil\/?s={search_term_string}"},"query-input":{"@type":"PropertyValueSpecification","valueRequired":true,"valueName":"search_term_string"}}],"inLanguage":"en-US"},{"@type":"Organization","@id":"https:\/\/experteducation.com\/brazil\/#organization","name":"Expert Education and Visa Services","url":"https:\/\/experteducation.com\/brazil\/","logo":{"@type":"ImageObject","inLanguage":"en-US","@id":"https:\/\/experteducation.com\/brazil\/#\/schema\/logo\/image\/","url":"https:\/\/experteducation.com\/colombia\/wp-content\/uploads\/sites\/14\/2020\/07\/expert-education-and-visa-services.png","contentUrl":"https:\/\/experteducation.com\/colombia\/wp-content\/uploads\/sites\/14\/2020\/07\/expert-education-and-visa-services.png","width":1140,"height":220,"caption":"Expert Education and Visa Services"},"image":{"@id":"https:\/\/experteducation.com\/brazil\/#\/schema\/logo\/image\/"},"sameAs":["https:\/\/www.facebook.com\/ExpertEducationandVisaServices","https:\/\/x.com\/expertsydney","https:\/\/www.instagram.com\/expert.sydney\/","https:\/\/www.linkedin.com\/company\/expert-education-visa-services","https:\/\/www.youtube.com\/channel\/UCiR8aiaTMsFeEk9JDuTdTZg"]}]}},"jetpack_sharing_enabled":true,"_links":{"self":[{"href":"https:\/\/experteducation.com\/brazil\/wp-json\/wp\/v2\/pages\/14134"}],"collection":[{"href":"https:\/\/experteducation.com\/brazil\/wp-json\/wp\/v2\/pages"}],"about":[{"href":"https:\/\/experteducation.com\/brazil\/wp-json\/wp\/v2\/types\/page"}],"author":[{"embeddable":true,"href":"https:\/\/experteducation.com\/brazil\/wp-json\/wp\/v2\/users\/1"}],"replies":[{"embeddable":true,"href":"https:\/\/experteducation.com\/brazil\/wp-json\/wp\/v2\/comments?post=14134"}],"version-history":[{"count":0,"href":"https:\/\/experteducation.com\/brazil\/wp-json\/wp\/v2\/pages\/14134\/revisions"}],"up":[{"embeddable":true,"href":"https:\/\/experteducation.com\/brazil\/wp-json\/wp\/v2\/pages\/6669"}],"wp:attachment":[{"href":"https:\/\/experteducation.com\/brazil\/wp-json\/wp\/v2\/media?parent=14134"}],"curies":[{"name":"wp","href":"https:\/\/api.w.org\/{rel}","templated":true}]}}