{"id":6669,"date":"2018-08-03T08:06:05","date_gmt":"2018-08-02T22:06:05","guid":{"rendered":"https:\/\/labtechco.themestek.com\/?page_id=6669"},"modified":"2025-08-20T17:16:54","modified_gmt":"2025-08-20T07:16:54","slug":"about","status":"publish","type":"page","link":"https:\/\/experteducation.com\/brazil\/about\/","title":{"rendered":"Sobre n\u00f3s"},"content":{"rendered":"<p>[vc_row themestek_responsive_css=&#8221;66659895|colbreak_no|||||||||colbreak_yes|||||||||colbreak_no||||||||||colbreak_no|||||||||&#8221; css=&#8221;.vc_custom_1645149014983{padding-bottom: 20px !important;}&#8221; el_id=&#8221;main-row&#8221;][vc_column]<div class=\"themestek-element-heading-wrapper themestek-heading-inner themestek-element-align-left themestek-seperator-none \"><section class=\"themestek-vc_cta3-container\"><div class=\"themestek-vc_general themestek-vc_cta3 themestek-cta3-only themestek-vc_cta3-style-classic themestek-vc_cta3-shape-rounded themestek-vc_cta3-align-left themestek-vc_cta3-color-transparent themestek-vc_cta3-icon-size-md themestek-vc_cta3-actions-no themestek-cta3-without-desc\"><div class=\"themestek-vc_cta3_content-container\"><div class=\"themestek-vc_cta3-content\"><div class=\"themestek-vc_cta3-content-header themestek-wrap\"><div class=\"themestek-vc_cta3-headers themestek-wrap-cell\"><h4 class=\"themestek-custom-heading \" >Our Motto<\/h4>\n<h2 class=\"themestek-custom-heading \" >Empowering your Dreams towards a Bright Future<\/h2>\n<\/div><\/div><\/div><\/div><\/div><\/section><\/div> <!-- .themestek-element-heading-wrapper container --> [vc_column_text]<span style=\"font-weight: 400\">Potencializando seus sonhos para um futuro brilhante<\/span><\/p>\n<p>Somos especializados em fornecer uma ampla gama de servi\u00e7os para estudantes que desejam estudar na Austr\u00e1lia, desde aconselhamento at\u00e9 processos de solicita\u00e7\u00e3o de visto. Trabalhamos para receber estudantes na Austr\u00e1lia e ajud\u00e1-los a se estabelecerem com a vida australiana.<\/p>\n<p>Desde 2003, nossa equipe de agentes de migra\u00e7\u00e3o registrados, conselheiros educacionais qualificados, conselheiros de carreira, advogados e especialistas em tributa\u00e7\u00e3o forneceram servi\u00e7os completos para mais de <strong>150,000 estudantes internacionais<\/strong>.<\/p>\n<p>Queremos ajudar os alunos a fazerem melhores escolhas e orient\u00e1-los na concretiza\u00e7\u00e3o de seus objetivos, oferecendo op\u00e7\u00f5es vi\u00e1veis \u200b\u200bde estudo e orienta\u00e7\u00e3o profissional.[\/vc_column_text][\/vc_column][\/vc_row][vc_row equal_height=&#8221;yes&#8221; css=&#8221;.vc_custom_1645148842892{margin-bottom: 20px !important;padding-top: 0px !important;padding-bottom: 40px !important;}&#8221; themestek_responsive_css=&#8221;46552357|colbreak_no|||||||||colbreak_yes||||||10||10|colbreak_no||||||10||10||colbreak_no|||||||||&#8221;][vc_column width=&#8221;1\/4&#8243; css=&#8221;.vc_custom_1645148760626{padding-top: 20px !important;}&#8221;]<div class=\"themestek-ihbox themestek-ihbox-style-2 themestek-ihbox-itype-icon \">\r\n\t<div class=\"themestek-sbox-bgimage-layer themestek-bgimage-layer\"><\/div>\r\n\t<div class=\"themestek-ihbox-wrapper-bg-layer themestek-bg-layer\"><\/div>\r\n\t<div class=\"themestek-ihbox-inner\">\r\n\t\t<div class=\"themestek-ihbox-icon\">\r\n\t\t\t<div class=\"themestek-ihbox-icon-wrapper\"><i class=\"themestek-liviza-business-icon themestek-liviza-business-icon-meeting\"><\/i><\/div>\t\t<\/div>\r\n\t\t<div class=\"themestek-ihbox-contents\">\r\n\t\t\t<div class=\"themestek-vc_general themestek-vc_cta3 themestek-cta3-only themestek-vc_cta3-style-classic themestek-vc_cta3-shape-rounded themestek-vc_cta3-align-left themestek-vc_cta3-color-transparent themestek-vc_cta3-icon-size-md themestek-vc_cta3-actions-no themestek-cta3-without-desc\"><div class=\"themestek-vc_cta3_content-container\"><div class=\"themestek-vc_cta3-content\"><div class=\"themestek-vc_cta3-content-header themestek-wrap\"><div class=\"themestek-vc_cta3-headers themestek-wrap-cell\"><h2 style=\"font-size:24px\" class=\"themestek-custom-heading  wpb_animate_when_almost_visible wpb_zoomIn zoomIn stats-heading \">1500+<\/h2>\n<h4 style=\"font-size:16px;color:#334770\" class=\"themestek-custom-heading stats-subheading \">Membros da Equipe Global<\/h4>\n<\/div><\/div><\/div><\/div><\/div>\t\t\t\t\t\t\t\t<\/div><!-- .themestek-ihbox-contents -->\r\n\t<\/div>\r\n<\/div>\r\n[\/vc_column][vc_column width=&#8221;1\/4&#8243; css=&#8221;.vc_custom_1645148766216{padding-top: 20px !important;}&#8221;]<div class=\"themestek-ihbox themestek-ihbox-style-2 themestek-ihbox-itype-icon \">\r\n\t<div class=\"themestek-sbox-bgimage-layer themestek-bgimage-layer\"><\/div>\r\n\t<div class=\"themestek-ihbox-wrapper-bg-layer themestek-bg-layer\"><\/div>\r\n\t<div class=\"themestek-ihbox-inner\">\r\n\t\t<div class=\"themestek-ihbox-icon\">\r\n\t\t\t<div class=\"themestek-ihbox-icon-wrapper\"><i class=\"themestek-liviza-business-icon themestek-liviza-business-icon-worker\"><\/i><\/div>\t\t<\/div>\r\n\t\t<div class=\"themestek-ihbox-contents\">\r\n\t\t\t<div class=\"themestek-vc_general themestek-vc_cta3 themestek-cta3-only themestek-vc_cta3-style-classic themestek-vc_cta3-shape-rounded themestek-vc_cta3-align-left themestek-vc_cta3-color-transparent themestek-vc_cta3-icon-size-md themestek-vc_cta3-actions-no themestek-cta3-without-desc\"><div class=\"themestek-vc_cta3_content-container\"><div class=\"themestek-vc_cta3-content\"><div class=\"themestek-vc_cta3-content-header themestek-wrap\"><div class=\"themestek-vc_cta3-headers themestek-wrap-cell\"><h2 style=\"font-size:24px\" class=\"themestek-custom-heading  wpb_animate_when_almost_visible wpb_zoomIn zoomIn stats-heading \">20+<\/h2>\n<h4 style=\"font-size:16px;color:#334770\" class=\"themestek-custom-heading stats-subheading \">Agentes de Migra\u00e7\u00e3o Registrados<\/h4>\n<\/div><\/div><\/div><\/div><\/div>\t\t\t\t\t\t\t\t<\/div><!-- .themestek-ihbox-contents -->\r\n\t<\/div>\r\n<\/div>\r\n[\/vc_column][vc_column width=&#8221;1\/4&#8243; css=&#8221;.vc_custom_1645148771287{padding-top: 20px !important;}&#8221;]<div class=\"themestek-ihbox themestek-ihbox-style-2 themestek-ihbox-itype-icon \">\r\n\t<div class=\"themestek-sbox-bgimage-layer themestek-bgimage-layer\"><\/div>\r\n\t<div class=\"themestek-ihbox-wrapper-bg-layer themestek-bg-layer\"><\/div>\r\n\t<div class=\"themestek-ihbox-inner\">\r\n\t\t<div class=\"themestek-ihbox-icon\">\r\n\t\t\t<div class=\"themestek-ihbox-icon-wrapper\"><i class=\"themestek-liviza-business-icon themestek-liviza-business-icon-resident\"><\/i><\/div>\t\t<\/div>\r\n\t\t<div class=\"themestek-ihbox-contents\">\r\n\t\t\t<div class=\"themestek-vc_general themestek-vc_cta3 themestek-cta3-only themestek-vc_cta3-style-classic themestek-vc_cta3-shape-rounded themestek-vc_cta3-align-left themestek-vc_cta3-color-transparent themestek-vc_cta3-icon-size-md themestek-vc_cta3-actions-no themestek-cta3-without-desc\"><div class=\"themestek-vc_cta3_content-container\"><div class=\"themestek-vc_cta3-content\"><div class=\"themestek-vc_cta3-content-header themestek-wrap\"><div class=\"themestek-vc_cta3-headers themestek-wrap-cell\"><h2 style=\"font-size:24px\" class=\"themestek-custom-heading  wpb_animate_when_almost_visible wpb_zoomIn zoomIn stats-heading \">80+<\/h2>\n<h4 style=\"font-size:16px;color:#334770\" class=\"themestek-custom-heading stats-subheading \">Filiais<\/h4>\n<\/div><\/div><\/div><\/div><\/div>\t\t\t\t\t\t\t\t<\/div><!-- .themestek-ihbox-contents -->\r\n\t<\/div>\r\n<\/div>\r\n[\/vc_column][vc_column width=&#8221;1\/4&#8243; css=&#8221;.vc_custom_1645148776134{padding-top: 20px !important;}&#8221;]<div class=\"themestek-ihbox themestek-ihbox-style-2 themestek-ihbox-itype-icon \">\r\n\t<div class=\"themestek-sbox-bgimage-layer themestek-bgimage-layer\"><\/div>\r\n\t<div class=\"themestek-ihbox-wrapper-bg-layer themestek-bg-layer\"><\/div>\r\n\t<div class=\"themestek-ihbox-inner\">\r\n\t\t<div class=\"themestek-ihbox-icon\">\r\n\t\t\t<div class=\"themestek-ihbox-icon-wrapper\"><i class=\"themestek-liviza-business-icon themestek-liviza-business-icon-university\"><\/i><\/div>\t\t<\/div>\r\n\t\t<div class=\"themestek-ihbox-contents\">\r\n\t\t\t<div class=\"themestek-vc_general themestek-vc_cta3 themestek-cta3-only themestek-vc_cta3-style-classic themestek-vc_cta3-shape-rounded themestek-vc_cta3-align-left themestek-vc_cta3-color-transparent themestek-vc_cta3-icon-size-md themestek-vc_cta3-actions-no themestek-cta3-without-desc\"><div class=\"themestek-vc_cta3_content-container\"><div class=\"themestek-vc_cta3-content\"><div class=\"themestek-vc_cta3-content-header themestek-wrap\"><div class=\"themestek-vc_cta3-headers themestek-wrap-cell\"><h2 style=\"font-size:24px\" class=\"themestek-custom-heading  wpb_animate_when_almost_visible wpb_zoomIn zoomIn stats-heading \">600+<\/h2>\n<h4 style=\"font-size:16px;color:#334770\" class=\"themestek-custom-heading stats-subheading \">Parceiros Globais<\/h4>\n<\/div><\/div><\/div><\/div><\/div>\t\t\t\t\t\t\t\t<\/div><!-- .themestek-ihbox-contents -->\r\n\t<\/div>\r\n<\/div>\r\n[\/vc_column][\/vc_row][vc_row themestek_bgcolor=&#8221;grey&#8221; full_width=&#8221;stretch_row&#8221; css=&#8221;.vc_custom_1645163474472{padding-top: 60px !important;padding-bottom: 80px !important;}&#8221;][vc_column]<h3 style=\"text-align:left;color:#334770;\" class=\"themestek-custom-heading vc_custom_1682920158095\" >Obtenha op\u00e7\u00f5es de estudo vi\u00e1veis e aconselhamento de carreira<\/h3>\n[vc_column_text]Estudar na Austr\u00e1lia \u00e9 uma oportunidade para poucos, e garantimos que voc\u00ea esteja entre eles! Trabalhamos com os contratempos e garantimos que voc\u00ea receba a orienta\u00e7\u00e3o adequada para melhorar suas chances de estudar em outro pa\u00eds. Nosso trabalho \u00e9 equip\u00e1-lo com os documentos necess\u00e1rios que permitem uma viagem tranquila para a Austr\u00e1lia a partir do seu pa\u00eds de origem.<\/p>\n<p>A Expert Education \u00e9 uma institui\u00e7\u00e3o l\u00edder que fornece conselhos honestos, confi\u00e1veis \u200b\u200be aut\u00eanticos sobre educa\u00e7\u00e3o e migra\u00e7\u00e3o. Somos um grupo que trabalha para agilizar todos os processos, fazendo a ponte entre voc\u00ea e a institui\u00e7\u00e3o de ensino desejada.<br \/>\nCom nossos v\u00e1rios escrit\u00f3rios em 23 pa\u00edses, estabelecemos uma presen\u00e7a global, fornecendo servi\u00e7os de imigra\u00e7\u00e3o e solicita\u00e7\u00e3o de visto de qualidade para estudantes de todo o mundo. Atendemos candidatos de v\u00e1rios pa\u00edses, incluindo Nepal, \u00cdndia, Bangladesh, Sri Lanka, Filipinas, Hong Kong, Vietn\u00e3, Nig\u00e9ria, Taiwan e outros pa\u00edses.<\/p>\n<p>Nossos servi\u00e7os incluem aconselhamento inicial sobre as perspectivas de estudos superiores e escolha de uma institui\u00e7\u00e3o de ensino adequada aos objetivos acad\u00eamicos.<\/p>\n<p>Tamb\u00e9m auxiliamos na apresenta\u00e7\u00e3o de pedidos de visto ou viagens para a Austr\u00e1lia e fornecemos conselhos sobre carreira, migra\u00e7\u00e3o ou tributa\u00e7\u00e3o.<\/p>\n<p>Na Expert Education, h\u00e1 uma oportunidade que aguarda cada aluno para ajud\u00e1-lo a atingir seus objetivos de estudo e carreira na Austr\u00e1lia.[\/vc_column_text]<div class=\"themestek-boxes themestek-boxes-static themestek-boxes-view-default themestek-boxes-static- themestek-boxes-col-two themestek-boxes-sortable- themestek-boxes-textalign-left themestek-boxes-sortablebutton- themestek-heading-position- mission-vision-box vc_custom_1682920270219\" data-themestek-headingpos=\"\" >\n\t\t<div class=\"themestek-boxes-inner themestek-boxes-static-inner \"><div class=\"row multi-columns-row themestek-boxes-row-wrapper box-shadow-2\"><div class=\"themestek-box-col-wrapper col-lg-6 col-sm-6 col-md-6 col-xs-12 \">\r\n\t\t\t\t\t\t<div class=\"themestek-static-box-wrapper themestek-boxes-feature-plans themestek-hover-style-2 themestek-box\">\r\n\t\t\t\t\t\t\t<div class=\"themestek-static-box-image\"> \r\n\t\t\t\t\t\t\t\t\r\n\t\t\t\t\t\t\t<\/div>\r\n\t\t\t\t\t\t\t<div class=\"themestek-static-box-content\" >\r\n\t\t\t\t\t\t\t\t<div class=\"themestek-box-title\"><h4>Nossa miss\u00e3o<\/h4><\/div>\r\n\t\t\t\t\t\t\t\t<div class=\"themestek-static-box-desc\">Nossa miss\u00e3o \u00e9 fornecer aconselhamento e suporte personalizados para estudantes internacionais em todas as \u00e1reas al\u00e9m da educa\u00e7\u00e3o, capacitando-os a tomar as melhores decis\u00f5es para o futuro.<\/div>\r\n\t\t\t\t\t\t\t<\/div>\r\n\t\t\t\t\t\t<\/div>\r\n\t\t\t\t\t\t<\/div><div class=\"themestek-box-col-wrapper col-lg-6 col-sm-6 col-md-6 col-xs-12 \">\r\n\t\t\t\t\t\t<div class=\"themestek-static-box-wrapper themestek-boxes-feature-plans themestek-hover-style-2 themestek-box\">\r\n\t\t\t\t\t\t\t<div class=\"themestek-static-box-image\"> \r\n\t\t\t\t\t\t\t\t\r\n\t\t\t\t\t\t\t<\/div>\r\n\t\t\t\t\t\t\t<div class=\"themestek-static-box-content\" >\r\n\t\t\t\t\t\t\t\t<div class=\"themestek-box-title\"><h4>Nossa vis\u00e3o<\/h4><\/div>\r\n\t\t\t\t\t\t\t\t<div class=\"themestek-static-box-desc\">Nossa vis\u00e3o \u00e9 ajudar os estudantes internacionais a atingir seus objetivos de estudo no exterior e orient\u00e1-los a alcan\u00e7ar seus objetivos de carreira para criar um futuro brilhante.<\/div>\r\n\t\t\t\t\t\t\t<\/div>\r\n\t\t\t\t\t\t<\/div>\r\n\t\t\t\t\t\t<\/div><\/div><!-- .row multi-columns-row themestek-boxes-row-wrapper -->  <\/div><!-- .themestek-boxes-inner -->   <\/div><!-- .themestek-boxes -->  [\/vc_column][\/vc_row][vc_row themestek_bgcolor=&#8221;skincolor&#8221; full_width=&#8221;stretch_row&#8221; content_placement=&#8221;middle&#8221; css=&#8221;.vc_custom_1645163468048{padding-top: 110px !important;padding-bottom: 80px !important;background-position: center !important;background-repeat: no-repeat !important;background-size: cover !important;}&#8221; el_class=&#8221;themestek-bg-pattarn-3&#8243; themestek_responsive_css=&#8221;67174189|colbreak_no||||||15||15|colbreak_yes|||||||||colbreak_no||||||||||colbreak_no|||||||||&#8221;][vc_column width=&#8221;2\/3&#8243;]<div class=\"themestek-element-heading-wrapper themestek-heading-inner themestek-element-align-left themestek-seperator-none \"><section class=\"themestek-vc_cta3-container\"><div class=\"themestek-vc_general themestek-vc_cta3 themestek-cta3-only themestek-vc_cta3-style-classic themestek-vc_cta3-shape-rounded themestek-vc_cta3-align-left themestek-vc_cta3-color-transparent themestek-vc_cta3-icon-size-md themestek-vc_cta3-actions-no themestek-cta3-without-desc\"><div class=\"themestek-vc_cta3_content-container\"><div class=\"themestek-vc_cta3-content\"><div class=\"themestek-vc_cta3-content-header themestek-wrap\"><div class=\"themestek-vc_cta3-headers themestek-wrap-cell\"><h2 class=\"themestek-custom-heading \" >Entre na universidade dos seus sonhos hoje<\/h2>\n<h4 style=\"font-size:16px;color:#ffffff;\" class=\"themestek-custom-heading call-to-action-p \" >Obtenha conselhos de especialistas sobre como escolher institui\u00e7\u00f5es de ensino, bolsas de estudo, acomoda\u00e7\u00e3o e muito mais.<\/h4>\n<\/div><\/div><\/div><\/div><\/div><\/section><\/div> <!-- .themestek-element-heading-wrapper container --> [\/vc_column][vc_column width=&#8221;1\/3&#8243;]\r\n\t\t<div class=\"themestek-vc_btn3-container  wpb_animate_when_almost_visible wpb_ wpb_animate_when_almost_visible wpb_fadeInRight fadeInRight  wpb_animate_when_almost_visible wpb_fadeInRight fadeInRight themestek-vc_btn3-inline vc_custom_1682920312086\"><a onmouseleave=\"this.style.borderColor='#ffffff'; this.style.backgroundColor='transparent'; this.style.color='#ffffff'\" onmouseenter=\"this.style.borderColor='#344871'; this.style.backgroundColor='#344871'; this.style.color='#ffffff';\" style=\"border-color:#ffffff; color:#ffffff;\" class=\"themestek-vc_general themestek-vc_btn3 themestek-vc_btn3-size-lg themestek-vc_btn3-shape-rounded themestek-vc_btn3-style-outline-custom themestek-vc_btn3-weight-yes themestek-vc_btn3-icon-right\" href=\"https:\/\/experteducation.com\/brazil\/contact-us\" title=\"Contact\"><span>Consulte agora <i class=\"themestek-vc_btn3-icon themifyicon ti-arrow-right\"><\/i><\/span><\/a><\/div>[\/vc_column][\/vc_row]<\/p>\n","protected":false},"excerpt":{"rendered":"<p>[vc_row themestek_responsive_css=&#8221;66659895|colbreak_no|||||||||colbreak_yes|||||||||colbreak_no||||||||||colbreak_no|||||||||&#8221; css=&#8221;.vc_custom_1645149014983{padding-bottom: 20px !important;}&#8221; el_id=&#8221;main-row&#8221;][vc_column][vc_column_text]Potencializando seus sonhos para um futuro brilhante Somos especializados em fornecer uma ampla gama de servi\u00e7os para estudantes que desejam estudar na Austr\u00e1lia, desde aconselhamento &hellip; <a href=\"https:\/\/experteducation.com\/brazil\/about\/\" class=\"more-link\">Continue reading <span class=\"screen-reader-text\">Sobre n\u00f3s<\/span><\/a><\/p>\n","protected":false},"author":1,"featured_media":0,"parent":0,"menu_order":7,"comment_status":"closed","ping_status":"closed","template":"","meta":{"_monsterinsights_skip_tracking":false,"_monsterinsights_sitenote_active":false,"_monsterinsights_sitenote_note":"","_monsterinsights_sitenote_category":0,"footnotes":""},"class_list":["post-6669","page","type-page","status-publish","hentry"],"yoast_head":"<!-- This site is optimized with the Yoast SEO Premium plugin v18.7 (Yoast SEO v23.4) - https:\/\/yoast.com\/wordpress\/plugins\/seo\/ -->\n<title>About Us - Expert Education<\/title>\n<meta name=\"description\" content=\"Expert Education is a Leading Education and Migration Consulting Institution with a global presence in 23 countries. We provide honest, credible, and authentic counseling services for studying in Australia, Canada, the US, and the UK\" \/>\n<meta name=\"robots\" content=\"index, follow, max-snippet:-1, max-image-preview:large, max-video-preview:-1\" \/>\n<link rel=\"canonical\" href=\"https:\/\/experteducation.com\/brazil\/about\/\" \/>\n<meta property=\"og:locale\" content=\"en_US\" \/>\n<meta property=\"og:type\" content=\"article\" \/>\n<meta property=\"og:title\" content=\"Sobre n\u00f3s\" \/>\n<meta property=\"og:description\" content=\"Expert Education is a Leading Education and Migration Consulting Institution with a global presence in 23 countries. We provide honest, credible, and authentic counseling services for studying in Australia, Canada, the US, and the UK\" \/>\n<meta property=\"og:url\" content=\"https:\/\/experteducation.com\/brazil\/about\/\" \/>\n<meta property=\"og:site_name\" content=\"Expert Education Brazil\" \/>\n<meta property=\"article:publisher\" content=\"https:\/\/www.facebook.com\/ExpertEducationandVisaServices\" \/>\n<meta property=\"article:modified_time\" content=\"2025-08-20T07:16:54+00:00\" \/>\n<meta property=\"og:image\" content=\"https:\/\/cdn.experteducation.com\/wp-content\/uploads\/sites\/14\/2021\/04\/20180249\/expert_new_logo_vertical.png\" \/>\n\t<meta property=\"og:image:width\" content=\"400\" \/>\n\t<meta property=\"og:image:height\" content=\"400\" \/>\n\t<meta property=\"og:image:type\" content=\"image\/png\" \/>\n<meta name=\"twitter:card\" content=\"summary_large_image\" \/>\n<meta name=\"twitter:site\" content=\"@expertsydney\" \/>\n<meta name=\"twitter:label1\" content=\"Est. reading time\" \/>\n\t<meta name=\"twitter:data1\" content=\"3 minutes\" \/>\n<script type=\"application\/ld+json\" class=\"yoast-schema-graph\">{\"@context\":\"https:\/\/schema.org\",\"@graph\":[{\"@type\":\"WebPage\",\"@id\":\"https:\/\/experteducation.com\/brazil\/about\/\",\"url\":\"https:\/\/experteducation.com\/brazil\/about\/\",\"name\":\"About Us - Expert Education\",\"isPartOf\":{\"@id\":\"https:\/\/experteducation.com\/brazil\/#website\"},\"datePublished\":\"2018-08-02T22:06:05+00:00\",\"dateModified\":\"2025-08-20T07:16:54+00:00\",\"description\":\"Expert Education is a Leading Education and Migration Consulting Institution with a global presence in 23 countries. We provide honest, credible, and authentic counseling services for studying in Australia, Canada, the US, and the UK\",\"breadcrumb\":{\"@id\":\"https:\/\/experteducation.com\/brazil\/about\/#breadcrumb\"},\"inLanguage\":\"en-US\",\"potentialAction\":[{\"@type\":\"ReadAction\",\"target\":[\"https:\/\/experteducation.com\/brazil\/about\/\"]}]},{\"@type\":\"BreadcrumbList\",\"@id\":\"https:\/\/experteducation.com\/brazil\/about\/#breadcrumb\",\"itemListElement\":[{\"@type\":\"ListItem\",\"position\":1,\"name\":\"Home\",\"item\":\"https:\/\/experteducation.com\/brazil\/\"},{\"@type\":\"ListItem\",\"position\":2,\"name\":\"Sobre n\u00f3s\"}]},{\"@type\":\"WebSite\",\"@id\":\"https:\/\/experteducation.com\/brazil\/#website\",\"url\":\"https:\/\/experteducation.com\/brazil\/\",\"name\":\"Expert Education Brazil\",\"description\":\"Rely on Experts\",\"publisher\":{\"@id\":\"https:\/\/experteducation.com\/brazil\/#organization\"},\"potentialAction\":[{\"@type\":\"SearchAction\",\"target\":{\"@type\":\"EntryPoint\",\"urlTemplate\":\"https:\/\/experteducation.com\/brazil\/?s={search_term_string}\"},\"query-input\":{\"@type\":\"PropertyValueSpecification\",\"valueRequired\":true,\"valueName\":\"search_term_string\"}}],\"inLanguage\":\"en-US\"},{\"@type\":\"Organization\",\"@id\":\"https:\/\/experteducation.com\/brazil\/#organization\",\"name\":\"Expert Education and Visa Services\",\"url\":\"https:\/\/experteducation.com\/brazil\/\",\"logo\":{\"@type\":\"ImageObject\",\"inLanguage\":\"en-US\",\"@id\":\"https:\/\/experteducation.com\/brazil\/#\/schema\/logo\/image\/\",\"url\":\"https:\/\/experteducation.com\/colombia\/wp-content\/uploads\/sites\/14\/2020\/07\/expert-education-and-visa-services.png\",\"contentUrl\":\"https:\/\/experteducation.com\/colombia\/wp-content\/uploads\/sites\/14\/2020\/07\/expert-education-and-visa-services.png\",\"width\":1140,\"height\":220,\"caption\":\"Expert Education and Visa Services\"},\"image\":{\"@id\":\"https:\/\/experteducation.com\/brazil\/#\/schema\/logo\/image\/\"},\"sameAs\":[\"https:\/\/www.facebook.com\/ExpertEducationandVisaServices\",\"https:\/\/x.com\/expertsydney\",\"https:\/\/www.instagram.com\/expert.sydney\/\",\"https:\/\/www.linkedin.com\/company\/expert-education-visa-services\",\"https:\/\/www.youtube.com\/channel\/UCiR8aiaTMsFeEk9JDuTdTZg\"]}]}<\/script>\n<!-- \/ Yoast SEO Premium plugin. -->","yoast_head_json":{"title":"About Us - Expert Education","description":"Expert Education is a Leading Education and Migration Consulting Institution with a global presence in 23 countries. We provide honest, credible, and authentic counseling services for studying in Australia, Canada, the US, and the UK","robots":{"index":"index","follow":"follow","max-snippet":"max-snippet:-1","max-image-preview":"max-image-preview:large","max-video-preview":"max-video-preview:-1"},"canonical":"https:\/\/experteducation.com\/brazil\/about\/","og_locale":"en_US","og_type":"article","og_title":"Sobre n\u00f3s","og_description":"Expert Education is a Leading Education and Migration Consulting Institution with a global presence in 23 countries. We provide honest, credible, and authentic counseling services for studying in Australia, Canada, the US, and the UK","og_url":"https:\/\/experteducation.com\/brazil\/about\/","og_site_name":"Expert Education Brazil","article_publisher":"https:\/\/www.facebook.com\/ExpertEducationandVisaServices","article_modified_time":"2025-08-20T07:16:54+00:00","og_image":[{"width":400,"height":400,"url":"https:\/\/cdn.experteducation.com\/wp-content\/uploads\/sites\/14\/2021\/04\/20180249\/expert_new_logo_vertical.png","type":"image\/png"}],"twitter_card":"summary_large_image","twitter_site":"@expertsydney","twitter_misc":{"Est. reading time":"3 minutes"},"schema":{"@context":"https:\/\/schema.org","@graph":[{"@type":"WebPage","@id":"https:\/\/experteducation.com\/brazil\/about\/","url":"https:\/\/experteducation.com\/brazil\/about\/","name":"About Us - Expert Education","isPartOf":{"@id":"https:\/\/experteducation.com\/brazil\/#website"},"datePublished":"2018-08-02T22:06:05+00:00","dateModified":"2025-08-20T07:16:54+00:00","description":"Expert Education is a Leading Education and Migration Consulting Institution with a global presence in 23 countries. We provide honest, credible, and authentic counseling services for studying in Australia, Canada, the US, and the UK","breadcrumb":{"@id":"https:\/\/experteducation.com\/brazil\/about\/#breadcrumb"},"inLanguage":"en-US","potentialAction":[{"@type":"ReadAction","target":["https:\/\/experteducation.com\/brazil\/about\/"]}]},{"@type":"BreadcrumbList","@id":"https:\/\/experteducation.com\/brazil\/about\/#breadcrumb","itemListElement":[{"@type":"ListItem","position":1,"name":"Home","item":"https:\/\/experteducation.com\/brazil\/"},{"@type":"ListItem","position":2,"name":"Sobre n\u00f3s"}]},{"@type":"WebSite","@id":"https:\/\/experteducation.com\/brazil\/#website","url":"https:\/\/experteducation.com\/brazil\/","name":"Expert Education Brazil","description":"Rely on Experts","publisher":{"@id":"https:\/\/experteducation.com\/brazil\/#organization"},"potentialAction":[{"@type":"SearchAction","target":{"@type":"EntryPoint","urlTemplate":"https:\/\/experteducation.com\/brazil\/?s={search_term_string}"},"query-input":{"@type":"PropertyValueSpecification","valueRequired":true,"valueName":"search_term_string"}}],"inLanguage":"en-US"},{"@type":"Organization","@id":"https:\/\/experteducation.com\/brazil\/#organization","name":"Expert Education and Visa Services","url":"https:\/\/experteducation.com\/brazil\/","logo":{"@type":"ImageObject","inLanguage":"en-US","@id":"https:\/\/experteducation.com\/brazil\/#\/schema\/logo\/image\/","url":"https:\/\/experteducation.com\/colombia\/wp-content\/uploads\/sites\/14\/2020\/07\/expert-education-and-visa-services.png","contentUrl":"https:\/\/experteducation.com\/colombia\/wp-content\/uploads\/sites\/14\/2020\/07\/expert-education-and-visa-services.png","width":1140,"height":220,"caption":"Expert Education and Visa Services"},"image":{"@id":"https:\/\/experteducation.com\/brazil\/#\/schema\/logo\/image\/"},"sameAs":["https:\/\/www.facebook.com\/ExpertEducationandVisaServices","https:\/\/x.com\/expertsydney","https:\/\/www.instagram.com\/expert.sydney\/","https:\/\/www.linkedin.com\/company\/expert-education-visa-services","https:\/\/www.youtube.com\/channel\/UCiR8aiaTMsFeEk9JDuTdTZg"]}]}},"jetpack_sharing_enabled":true,"_links":{"self":[{"href":"https:\/\/experteducation.com\/brazil\/wp-json\/wp\/v2\/pages\/6669"}],"collection":[{"href":"https:\/\/experteducation.com\/brazil\/wp-json\/wp\/v2\/pages"}],"about":[{"href":"https:\/\/experteducation.com\/brazil\/wp-json\/wp\/v2\/types\/page"}],"author":[{"embeddable":true,"href":"https:\/\/experteducation.com\/brazil\/wp-json\/wp\/v2\/users\/1"}],"replies":[{"embeddable":true,"href":"https:\/\/experteducation.com\/brazil\/wp-json\/wp\/v2\/comments?post=6669"}],"version-history":[{"count":2,"href":"https:\/\/experteducation.com\/brazil\/wp-json\/wp\/v2\/pages\/6669\/revisions"}],"predecessor-version":[{"id":18906,"href":"https:\/\/experteducation.com\/brazil\/wp-json\/wp\/v2\/pages\/6669\/revisions\/18906"}],"wp:attachment":[{"href":"https:\/\/experteducation.com\/brazil\/wp-json\/wp\/v2\/media?parent=6669"}],"curies":[{"name":"wp","href":"https:\/\/api.w.org\/{rel}","templated":true}]}}