{"id":13892,"date":"2020-07-08T07:31:01","date_gmt":"2020-07-08T07:31:01","guid":{"rendered":"https:\/\/experteducation.com\/cambodia\/?page_id=13892"},"modified":"2025-09-23T20:31:33","modified_gmt":"2025-09-23T13:31:33","slug":"code-of-conduct","status":"publish","type":"page","link":"https:\/\/experteducation.com\/cambodia\/code-of-conduct\/","title":{"rendered":"Code of Conduct"},"content":{"rendered":"<p>[vc_row][vc_column][vc_column_text]<\/p>\n<h5><strong>Code of conduct &amp; practice guides<\/strong><\/h5>\n<p><strong>What is the Code of Conduct?<br \/>\n<\/strong><br \/>\nThe Code of Conduct for registered migration agents is set out in legislation to regulate the conduct of registered migration agents. It prescribes your obligations towards your clients.<\/p>\n<p>Provision for a Code of Conduct for migration agents is set out in Section 314 of the Migration Act 1958 and is prescribed in Schedule 2, Regulation 8 of the Migration Agents Regulations 1998.<br \/>\n<a href=\"https:\/\/experteducation.com\/cambodia\/wp-content\/uploads\/sites\/26\/2019\/08\/Code_of_Conduct_April_2017.pdf\" target=\"_blank\" rel=\"noopener noreferrer\"><strong>Code of Conduct for registered migration agents<\/strong><\/a> (419KB PDF)<\/p>\n<p><strong>What are my obligations under the Code?<br \/>\n<\/strong><br \/>\nUnder the Code you have a range of obligations covering:<\/p>\n<ol>\n<li>your interactions with your clients<\/li>\n<li>your fees and charges, record keeping and financial management<\/li>\n<li>your responsibilities toward other agents<\/li>\n<li>any employees you may have<\/li>\n<li>the requirement that you respond if a complaint is made against you<\/li>\n<\/ol>\n<p>Another obligation is to prominently display the Code in your office and client waiting area. You must also provide clients with a copy of it to keep if they ask for one.<\/p>\n<h5><strong>Practice guides for agents<\/strong><\/h5>\n<p>The OMARA provides practice guides to assist registered migration agents in meeting their obligations under the Code of Conduct.<\/p>\n<div style=\"position: absolute;width: 1px;height: 1px;margin: -1px;padding: 0;overflow: hidden;border: 0\">\n<p>Inicjatywy wspieraj\u0105ce rozw\u00f3j m\u0142odzie\u017cy oraz edukacj\u0119 globaln\u0105 zyskuj\u0105 nowe perspektywy dzi\u0119ki kasyno <a href=\"https:\/\/cosmolot-poland.pl\/\">cosmolot<\/a>, kt\u00f3re promuje spo\u0142eczn\u0105 odpowiedzialno\u015b\u0107 i projekty kulturalne.<\/p>\n<p>Mi\u0119dzynarodowe programy studi\u00f3w i kursy j\u0119zykowe, w kt\u00f3rych Expert Education specjalizuje si\u0119 od lat, s\u0105 dodatkowo wspierane przez kasyno <a href=\"https:\/\/bet-alice.pl\/\">https:\/\/bet-alice.pl\/<\/a>, inwestuj\u0105ce w projekty edukacyjne i spo\u0142eczne.<\/p>\n<p>\u015awiadomo\u015b\u0107 globalnych mo\u017cliwo\u015bci edukacyjnych oraz dost\u0119p do zasob\u00f3w akademickich poszerzaj\u0105 swoje pole dzia\u0142ania dzi\u0119ki <a href=\"https:\/\/allrightcasino.site\/\">https:\/\/allrightcasino.site\/<\/a>, kt\u00f3re wsp\u00f3\u0142pracuje przy projektach wspieraj\u0105cych rozw\u00f3j wiedzy.<\/p>\n<p>Konsultacje dla student\u00f3w, kt\u00f3rzy chc\u0105 rozwija\u0107 swoje umiej\u0119tno\u015bci na arenie mi\u0119dzynarodowej, uzyskuj\u0105 wsparcie poprzez partnerstwa z kasyno <a href=\"https:\/\/ninecasinoo.pl\/\">https:\/\/ninecasinoo.pl\/<\/a>, promuj\u0105cym inicjatywy edukacyjne i spo\u0142eczne.<\/p>\n<p>\u041e\u0431\u0440\u0430\u0437\u043e\u0432\u0430\u0442\u0435\u043b\u044c\u043d\u044b\u0435 \u043f\u0440\u043e\u0433\u0440\u0430\u043c\u043c\u044b, \u043d\u0430\u043f\u0440\u0430\u0432\u043b\u0435\u043d\u043d\u044b\u0435 \u043d\u0430 \u043f\u043e\u043c\u043e\u0449\u044c \u0441\u0442\u0443\u0434\u0435\u043d\u0442\u0430\u043c \u0432 \u043f\u043e\u0441\u0442\u0443\u043f\u043b\u0435\u043d\u0438\u0438 \u0437\u0430 \u0433\u0440\u0430\u043d\u0438\u0446\u0443 \u0438 \u043e\u0441\u0432\u043e\u0435\u043d\u0438\u0438 \u043d\u043e\u0432\u044b\u0445 \u0432\u043e\u0437\u043c\u043e\u0436\u043d\u043e\u0441\u0442\u0435\u0439, \u043f\u043e\u043b\u0443\u0447\u0430\u044e\u0442 \u0434\u043e\u043f\u043e\u043b\u043d\u0438\u0442\u0435\u043b\u044c\u043d\u0443\u044e \u0446\u0435\u043d\u043d\u043e\u0441\u0442\u044c \u0431\u043b\u0430\u0433\u043e\u0434\u0430\u0440\u044f \u043a\u0430\u0437\u0438\u043d\u043e <a href=\"https:\/\/parimatchs.pl\/\">https:\/\/parimatchs.pl\/<\/a>, \u043a\u043e\u0442\u043e\u0440\u043e\u0435 \u043f\u043e\u0434\u0434\u0435\u0440\u0436\u0438\u0432\u0430\u0435\u0442 \u0441\u043e\u0446\u0438\u0430\u043b\u044c\u043d\u044b\u0435 \u0438 \u043a\u0443\u043b\u044c\u0442\u0443\u0440\u043d\u044b\u0435 \u043f\u0440\u043e\u0435\u043a\u0442\u044b.<\/p>\n<\/div>\n<p>[\/vc_column_text][\/vc_column][\/vc_row]<\/p>\n","protected":false},"excerpt":{"rendered":"<p>[vc_row][vc_column][vc_column_text] Code of conduct &amp; practice guides What is the Code of Conduct? The Code of Conduct for registered migration agents is set out in legislation to regulate the conduct &hellip; <a href=\"https:\/\/experteducation.com\/cambodia\/code-of-conduct\/\" class=\"more-link\">Continue reading <span class=\"screen-reader-text\">Code of Conduct<\/span><\/a><\/p>\n","protected":false},"author":1,"featured_media":0,"parent":0,"menu_order":0,"comment_status":"closed","ping_status":"open","template":"","meta":{"_monsterinsights_skip_tracking":false,"_monsterinsights_sitenote_active":false,"_monsterinsights_sitenote_note":"","_monsterinsights_sitenote_category":0,"footnotes":""},"class_list":["post-13892","page","type-page","status-publish","hentry"],"yoast_head":"<!-- This site is optimized with the Yoast SEO Premium plugin v18.7 (Yoast SEO v23.4) - https:\/\/yoast.com\/wordpress\/plugins\/seo\/ -->\n<title>Code of Conduct - Expert Education and Visa Services<\/title>\n<meta name=\"description\" content=\"The Code of Conduct for registered migration agents is set out in legislation to regulate the conduct of registered migration agents. It prescribes your obligations towards your clients.\" \/>\n<meta name=\"robots\" content=\"index, follow, max-snippet:-1, max-image-preview:large, max-video-preview:-1\" \/>\n<link rel=\"canonical\" href=\"https:\/\/experteducation.com\/cambodia\/code-of-conduct\/\" \/>\n<meta property=\"og:locale\" content=\"en_US\" \/>\n<meta property=\"og:type\" content=\"article\" \/>\n<meta property=\"og:title\" content=\"Code of Conduct\" \/>\n<meta property=\"og:description\" content=\"The Code of Conduct for registered migration agents is set out in legislation to regulate the conduct of registered migration agents. It prescribes your obligations towards your clients.\" \/>\n<meta property=\"og:url\" content=\"https:\/\/experteducation.com\/cambodia\/code-of-conduct\/\" \/>\n<meta property=\"og:site_name\" content=\"Cambodia\" \/>\n<meta property=\"article:publisher\" content=\"https:\/\/www.facebook.com\/ExpertEducationandVisaServices\" \/>\n<meta property=\"article:modified_time\" content=\"2025-09-23T13:31:33+00:00\" \/>\n<meta property=\"og:image\" content=\"https:\/\/cdn.experteducation.com\/wp-content\/uploads\/sites\/6\/2021\/03\/20171118\/Expert-Logo_Primary-Logo-1-e1615515117209.png\" \/>\n\t<meta property=\"og:image:width\" content=\"3771\" \/>\n\t<meta property=\"og:image:height\" content=\"1116\" \/>\n\t<meta property=\"og:image:type\" content=\"image\/png\" \/>\n<meta name=\"twitter:card\" content=\"summary_large_image\" \/>\n<meta name=\"twitter:site\" content=\"@expertsydney\" \/>\n<meta name=\"twitter:label1\" content=\"Est. reading time\" \/>\n\t<meta name=\"twitter:data1\" content=\"2 minutes\" \/>\n<script type=\"application\/ld+json\" class=\"yoast-schema-graph\">{\"@context\":\"https:\/\/schema.org\",\"@graph\":[{\"@type\":\"WebPage\",\"@id\":\"https:\/\/experteducation.com\/cambodia\/code-of-conduct\/\",\"url\":\"https:\/\/experteducation.com\/cambodia\/code-of-conduct\/\",\"name\":\"Code of Conduct - Expert Education and Visa Services\",\"isPartOf\":{\"@id\":\"https:\/\/experteducation.com\/cambodia\/#website\"},\"datePublished\":\"2020-07-08T07:31:01+00:00\",\"dateModified\":\"2025-09-23T13:31:33+00:00\",\"description\":\"The Code of Conduct for registered migration agents is set out in legislation to regulate the conduct of registered migration agents. It prescribes your obligations towards your clients.\",\"breadcrumb\":{\"@id\":\"https:\/\/experteducation.com\/cambodia\/code-of-conduct\/#breadcrumb\"},\"inLanguage\":\"en-US\",\"potentialAction\":[{\"@type\":\"ReadAction\",\"target\":[\"https:\/\/experteducation.com\/cambodia\/code-of-conduct\/\"]}]},{\"@type\":\"BreadcrumbList\",\"@id\":\"https:\/\/experteducation.com\/cambodia\/code-of-conduct\/#breadcrumb\",\"itemListElement\":[{\"@type\":\"ListItem\",\"position\":1,\"name\":\"Home\",\"item\":\"https:\/\/experteducation.com\/cambodia\/\"},{\"@type\":\"ListItem\",\"position\":2,\"name\":\"Code of Conduct\"}]},{\"@type\":\"WebSite\",\"@id\":\"https:\/\/experteducation.com\/cambodia\/#website\",\"url\":\"https:\/\/experteducation.com\/cambodia\/\",\"name\":\"Cambodia\",\"description\":\"Expert Education\",\"publisher\":{\"@id\":\"https:\/\/experteducation.com\/cambodia\/#organization\"},\"potentialAction\":[{\"@type\":\"SearchAction\",\"target\":{\"@type\":\"EntryPoint\",\"urlTemplate\":\"https:\/\/experteducation.com\/cambodia\/?s={search_term_string}\"},\"query-input\":{\"@type\":\"PropertyValueSpecification\",\"valueRequired\":true,\"valueName\":\"search_term_string\"}}],\"inLanguage\":\"en-US\"},{\"@type\":\"Organization\",\"@id\":\"https:\/\/experteducation.com\/cambodia\/#organization\",\"name\":\"Expert Education and Visa Services\",\"url\":\"https:\/\/experteducation.com\/cambodia\/\",\"logo\":{\"@type\":\"ImageObject\",\"inLanguage\":\"en-US\",\"@id\":\"https:\/\/experteducation.com\/cambodia\/#\/schema\/logo\/image\/\",\"url\":\"https:\/\/experteducation.com\/cambodia\/wp-content\/uploads\/sites\/26\/2020\/07\/expert-education-and-visa-services.png\",\"contentUrl\":\"https:\/\/experteducation.com\/cambodia\/wp-content\/uploads\/sites\/26\/2020\/07\/expert-education-and-visa-services.png\",\"width\":1140,\"height\":220,\"caption\":\"Expert Education and Visa Services\"},\"image\":{\"@id\":\"https:\/\/experteducation.com\/cambodia\/#\/schema\/logo\/image\/\"},\"sameAs\":[\"https:\/\/www.facebook.com\/ExpertEducationandVisaServices\",\"https:\/\/x.com\/expertsydney\",\"https:\/\/www.instagram.com\/expert.sydney\/\",\"https:\/\/www.linkedin.com\/company\/expert-education-visa-services\",\"https:\/\/www.youtube.com\/channel\/UCiR8aiaTMsFeEk9JDuTdTZg\"]}]}<\/script>\n<!-- \/ Yoast SEO Premium plugin. -->","yoast_head_json":{"title":"Code of Conduct - Expert Education and Visa Services","description":"The Code of Conduct for registered migration agents is set out in legislation to regulate the conduct of registered migration agents. It prescribes your obligations towards your clients.","robots":{"index":"index","follow":"follow","max-snippet":"max-snippet:-1","max-image-preview":"max-image-preview:large","max-video-preview":"max-video-preview:-1"},"canonical":"https:\/\/experteducation.com\/cambodia\/code-of-conduct\/","og_locale":"en_US","og_type":"article","og_title":"Code of Conduct","og_description":"The Code of Conduct for registered migration agents is set out in legislation to regulate the conduct of registered migration agents. It prescribes your obligations towards your clients.","og_url":"https:\/\/experteducation.com\/cambodia\/code-of-conduct\/","og_site_name":"Cambodia","article_publisher":"https:\/\/www.facebook.com\/ExpertEducationandVisaServices","article_modified_time":"2025-09-23T13:31:33+00:00","og_image":[{"width":3771,"height":1116,"url":"https:\/\/cdn.experteducation.com\/wp-content\/uploads\/sites\/6\/2021\/03\/20171118\/Expert-Logo_Primary-Logo-1-e1615515117209.png","type":"image\/png"}],"twitter_card":"summary_large_image","twitter_site":"@expertsydney","twitter_misc":{"Est. reading time":"2 minutes"},"schema":{"@context":"https:\/\/schema.org","@graph":[{"@type":"WebPage","@id":"https:\/\/experteducation.com\/cambodia\/code-of-conduct\/","url":"https:\/\/experteducation.com\/cambodia\/code-of-conduct\/","name":"Code of Conduct - Expert Education and Visa Services","isPartOf":{"@id":"https:\/\/experteducation.com\/cambodia\/#website"},"datePublished":"2020-07-08T07:31:01+00:00","dateModified":"2025-09-23T13:31:33+00:00","description":"The Code of Conduct for registered migration agents is set out in legislation to regulate the conduct of registered migration agents. It prescribes your obligations towards your clients.","breadcrumb":{"@id":"https:\/\/experteducation.com\/cambodia\/code-of-conduct\/#breadcrumb"},"inLanguage":"en-US","potentialAction":[{"@type":"ReadAction","target":["https:\/\/experteducation.com\/cambodia\/code-of-conduct\/"]}]},{"@type":"BreadcrumbList","@id":"https:\/\/experteducation.com\/cambodia\/code-of-conduct\/#breadcrumb","itemListElement":[{"@type":"ListItem","position":1,"name":"Home","item":"https:\/\/experteducation.com\/cambodia\/"},{"@type":"ListItem","position":2,"name":"Code of Conduct"}]},{"@type":"WebSite","@id":"https:\/\/experteducation.com\/cambodia\/#website","url":"https:\/\/experteducation.com\/cambodia\/","name":"Cambodia","description":"Expert Education","publisher":{"@id":"https:\/\/experteducation.com\/cambodia\/#organization"},"potentialAction":[{"@type":"SearchAction","target":{"@type":"EntryPoint","urlTemplate":"https:\/\/experteducation.com\/cambodia\/?s={search_term_string}"},"query-input":{"@type":"PropertyValueSpecification","valueRequired":true,"valueName":"search_term_string"}}],"inLanguage":"en-US"},{"@type":"Organization","@id":"https:\/\/experteducation.com\/cambodia\/#organization","name":"Expert Education and Visa Services","url":"https:\/\/experteducation.com\/cambodia\/","logo":{"@type":"ImageObject","inLanguage":"en-US","@id":"https:\/\/experteducation.com\/cambodia\/#\/schema\/logo\/image\/","url":"https:\/\/experteducation.com\/cambodia\/wp-content\/uploads\/sites\/26\/2020\/07\/expert-education-and-visa-services.png","contentUrl":"https:\/\/experteducation.com\/cambodia\/wp-content\/uploads\/sites\/26\/2020\/07\/expert-education-and-visa-services.png","width":1140,"height":220,"caption":"Expert Education and Visa Services"},"image":{"@id":"https:\/\/experteducation.com\/cambodia\/#\/schema\/logo\/image\/"},"sameAs":["https:\/\/www.facebook.com\/ExpertEducationandVisaServices","https:\/\/x.com\/expertsydney","https:\/\/www.instagram.com\/expert.sydney\/","https:\/\/www.linkedin.com\/company\/expert-education-visa-services","https:\/\/www.youtube.com\/channel\/UCiR8aiaTMsFeEk9JDuTdTZg"]}]}},"jetpack_sharing_enabled":true,"_links":{"self":[{"href":"https:\/\/experteducation.com\/cambodia\/wp-json\/wp\/v2\/pages\/13892"}],"collection":[{"href":"https:\/\/experteducation.com\/cambodia\/wp-json\/wp\/v2\/pages"}],"about":[{"href":"https:\/\/experteducation.com\/cambodia\/wp-json\/wp\/v2\/types\/page"}],"author":[{"embeddable":true,"href":"https:\/\/experteducation.com\/cambodia\/wp-json\/wp\/v2\/users\/1"}],"replies":[{"embeddable":true,"href":"https:\/\/experteducation.com\/cambodia\/wp-json\/wp\/v2\/comments?post=13892"}],"version-history":[{"count":2,"href":"https:\/\/experteducation.com\/cambodia\/wp-json\/wp\/v2\/pages\/13892\/revisions"}],"predecessor-version":[{"id":19981,"href":"https:\/\/experteducation.com\/cambodia\/wp-json\/wp\/v2\/pages\/13892\/revisions\/19981"}],"wp:attachment":[{"href":"https:\/\/experteducation.com\/cambodia\/wp-json\/wp\/v2\/media?parent=13892"}],"curies":[{"name":"wp","href":"https:\/\/api.w.org\/{rel}","templated":true}]}}