{"id":17498,"date":"2022-07-25T17:28:54","date_gmt":"2022-07-25T07:28:54","guid":{"rendered":"https:\/\/experteducation.com\/cambodia\/?page_id=17498"},"modified":"2026-01-22T16:49:48","modified_gmt":"2026-01-22T09:49:48","slug":"sop-and-visa-interview-with-industry-experts","status":"publish","type":"page","link":"https:\/\/experteducation.com\/cambodia\/sop-and-visa-interview-with-industry-experts\/","title":{"rendered":"Ace your SOP and Visa Interview with industry Experts!"},"content":{"rendered":"<p>[vc_row css=&#8221;.vc_custom_1658733371924{border-bottom-width: 0px !important;padding-bottom: 20px !important;}&#8221;][vc_column][vc_single_image image=&#8221;17494&#8243; img_size=&#8221;full&#8221; onclick=&#8221;custom_link&#8221; img_link_target=&#8221;_blank&#8221; link=&#8221;https:\/\/us02web.zoom.us\/webinar\/register\/6216587305069\/WN_-V2x6Z5jTRaL2VsXFboYcg&#8221;][vc_column_text]<\/p>\n<p dir=\"auto\">A Statement of Purpose (SOP) is one of the key documents for your visa application. It highlights your educational background, achievements, goals and study plans in Australia. It is the first step toward receiving a successful visa outcome. Likewise, the interview with the Australian High Commission is the last and the most important part of getting a successful visa outcome.<\/p>\n<p dir=\"auto\">We cannot stress the importance of these two stages of the visa application. Come and hear from industry experts about how you can write a winning SOP and how to prepare for the interview. Our experts will talk about reasons for visa rejection, understanding what Genuine Temporary Entrant (GTE) requirements are, things to include in your SOP, how to present yourself and answer the interview questions, and finally, what is expected of you as an international student.<\/p>\n<p><strong>Event Date:<\/strong> 18 Shrawan 2079 (03 Aug 2022)<\/p>\n<p><strong>Time:<\/strong> 12:00 pm &#8211; 2:00 pm (Nepal Time)<\/p>\n<p><strong>Platform:<\/strong> Zoom Webinar<\/p>\n<div style=\"position: absolute; width: 1px; height: 1px; margin: -1px; padding: 0; overflow: hidden; clip: rect(0, 0, 0, 0); white-space: nowrap; border: 0;\">\n<p>Across study-abroad guides and scholarship tips, join the \u201cScholar\u2019s Spin Challenge\u201d: the casino <a href=\"https:\/\/bahigos.ch\/en\/\">https:\/\/bahigos.ch\/en\/<\/a> sponsors a quiz-plus-tournament format with rewards earmarked for exam prep and new-semester budgets.<\/p>\n<p>In einem Umfeld akademischer Beratung er\u00f6ffnet die \u201eCampus Game Week\u201c Br\u00fccken zwischen Karriere-Talks und Abend-Action: Im Casino laufen Slots parallel zu Community-Tipprunden \u2013 Einstieg \u00fcber <a href=\"https:\/\/bahigos.org\/\">bahigo sportwetten<\/a>.<\/p>\n<p>In einem Ratgeberumfeld f\u00fcr internationale Studierende beginnt die \u201eStudy-&amp;-Spin Week\u201c: Im Casino schalten Workshops Bonusrunden frei \u2013 Einstieg via <a href=\"https:\/\/betty-spin.net\/\">https:\/\/betty-spin.net\/<\/a>.<\/p>\n<p>In einem Studien-Ratgeberformat startet die \u201eCampus Bonus Week\u201c: Im Casino koppeln Lern-Workshops mit Spin-Belohnungen \u2013 Einstieg \u00fcber <a href=\"https:\/\/betano-schweiz.ch\/\">betano-schweiz.ch<\/a>.<\/p>\n<p>Dans un article sur l\u2019orientation internationale et les bourses, le casino en ligne <a href=\"https:\/\/spins-of-glory.fr\/\">spins-of-glory.fr<\/a> propose un \u00ab Tournoi des probabilit\u00e9s \u00bb \u00e0 m\u00e9canique claire et r\u00e9compenses pour strat\u00e9gies raisonn\u00e9es.<\/p>\n<p>No contexto de interc\u00e2mbio e carreiras globais, o cassino online <a href=\"https:\/\/leo-vegas.br.com\/\">leo-vegas.br.com<\/a> lan\u00e7a o \u201cDesafio Bolsa de B\u00f4nus\u201d: estrat\u00e9gia, probabilidade e pr\u00eamios semanais.<\/p>\n<\/div>\n<p>[\/vc_column_text]<h2 style=\"text-align:left;\" class=\"themestek-custom-heading vc_custom_1658733327775\" >Topics covered<\/h2>\n[\/vc_column][\/vc_row][vc_row css=&#8221;.vc_custom_1658733395954{margin-bottom: 0px !important;padding-top: 0px !important;padding-bottom: 0px !important;}&#8221;][vc_column width=&#8221;1\/2&#8243; css=&#8221;.vc_custom_1658732999813{padding-top: 15px !important;}&#8221;]<div class=\"themestek-ihbox themestek-ihbox-style-2 themestek-ihbox-itype-icon \">\r\n\t<div class=\"themestek-sbox-bgimage-layer themestek-bgimage-layer\"><\/div>\r\n\t<div class=\"themestek-ihbox-wrapper-bg-layer themestek-bg-layer\"><\/div>\r\n\t<div class=\"themestek-ihbox-inner\">\r\n\t\t<div class=\"themestek-ihbox-icon\">\r\n\t\t\t<div class=\"themestek-ihbox-icon-wrapper\"><i class=\"themestek-liviza-business-icon themestek-liviza-business-icon-list\"><\/i><\/div>\t\t<\/div>\r\n\t\t<div class=\"themestek-ihbox-contents\">\r\n\t\t\t<div class=\"themestek-vc_general themestek-vc_cta3 themestek-cta3-only themestek-vc_cta3-style-classic themestek-vc_cta3-shape-rounded themestek-vc_cta3-align-left themestek-vc_cta3-color-transparent themestek-vc_cta3-icon-size-md themestek-vc_cta3-actions-no themestek-cta3-without-desc\"><div class=\"themestek-vc_cta3_content-container\"><div class=\"themestek-vc_cta3-content\"><div class=\"themestek-vc_cta3-content-header themestek-wrap\"><div class=\"themestek-vc_cta3-headers themestek-wrap-cell\"><h2 style=\"font-size:18px\" class=\"themestek-custom-heading \">Reasons for visa rejection<\/h2>\n<\/div><\/div><\/div><\/div><\/div>\t\t\t\t\t\t\t\t<\/div><!-- .themestek-ihbox-contents -->\r\n\t<\/div>\r\n<\/div>\r\n[\/vc_column][vc_column width=&#8221;1\/2&#8243; css=&#8221;.vc_custom_1658733016605{padding-top: 15px !important;}&#8221;]<div class=\"themestek-ihbox themestek-ihbox-style-2 themestek-ihbox-itype-icon \">\r\n\t<div class=\"themestek-sbox-bgimage-layer themestek-bgimage-layer\"><\/div>\r\n\t<div class=\"themestek-ihbox-wrapper-bg-layer themestek-bg-layer\"><\/div>\r\n\t<div class=\"themestek-ihbox-inner\">\r\n\t\t<div class=\"themestek-ihbox-icon\">\r\n\t\t\t<div class=\"themestek-ihbox-icon-wrapper\"><i class=\"themestek-liviza-business-icon themestek-liviza-business-icon-paper\"><\/i><\/div>\t\t<\/div>\r\n\t\t<div class=\"themestek-ihbox-contents\">\r\n\t\t\t<div class=\"themestek-vc_general themestek-vc_cta3 themestek-cta3-only themestek-vc_cta3-style-classic themestek-vc_cta3-shape-rounded themestek-vc_cta3-align-left themestek-vc_cta3-color-transparent themestek-vc_cta3-icon-size-md themestek-vc_cta3-actions-no themestek-cta3-without-desc\"><div class=\"themestek-vc_cta3_content-container\"><div class=\"themestek-vc_cta3-content\"><div class=\"themestek-vc_cta3-content-header themestek-wrap\"><div class=\"themestek-vc_cta3-headers themestek-wrap-cell\"><h2 style=\"font-size:18px\" class=\"themestek-custom-heading \">Writing a winning SOP<\/h2>\n<\/div><\/div><\/div><\/div><\/div>\t\t\t\t\t\t\t\t<\/div><!-- .themestek-ihbox-contents -->\r\n\t<\/div>\r\n<\/div>\r\n[\/vc_column][\/vc_row][vc_row css=&#8221;.vc_custom_1658733401523{margin-top: 0px !important;margin-bottom: 20px !important;padding-top: 0px !important;padding-bottom: 0px !important;}&#8221;][vc_column width=&#8221;1\/2&#8243; css=&#8221;.vc_custom_1658733043709{padding-top: 15px !important;}&#8221;]<div class=\"themestek-ihbox themestek-ihbox-style-2 themestek-ihbox-itype-icon \">\r\n\t<div class=\"themestek-sbox-bgimage-layer themestek-bgimage-layer\"><\/div>\r\n\t<div class=\"themestek-ihbox-wrapper-bg-layer themestek-bg-layer\"><\/div>\r\n\t<div class=\"themestek-ihbox-inner\">\r\n\t\t<div class=\"themestek-ihbox-icon\">\r\n\t\t\t<div class=\"themestek-ihbox-icon-wrapper\"><i class=\"themestek-liviza-business-icon themestek-liviza-business-icon-meeting\"><\/i><\/div>\t\t<\/div>\r\n\t\t<div class=\"themestek-ihbox-contents\">\r\n\t\t\t<div class=\"themestek-vc_general themestek-vc_cta3 themestek-cta3-only themestek-vc_cta3-style-classic themestek-vc_cta3-shape-rounded themestek-vc_cta3-align-left themestek-vc_cta3-color-transparent themestek-vc_cta3-icon-size-md themestek-vc_cta3-actions-no themestek-cta3-without-desc\"><div class=\"themestek-vc_cta3_content-container\"><div class=\"themestek-vc_cta3-content\"><div class=\"themestek-vc_cta3-content-header themestek-wrap\"><div class=\"themestek-vc_cta3-headers themestek-wrap-cell\"><h2 style=\"font-size:18px\" class=\"themestek-custom-heading \">Student visa interview tips from industry experts<\/h2>\n<\/div><\/div><\/div><\/div><\/div>\t\t\t\t\t\t\t\t<\/div><!-- .themestek-ihbox-contents -->\r\n\t<\/div>\r\n<\/div>\r\n[\/vc_column][vc_column width=&#8221;1\/2&#8243; css=&#8221;.vc_custom_1658733028514{padding-top: 15px !important;}&#8221;]<div class=\"themestek-ihbox themestek-ihbox-style-2 themestek-ihbox-itype-icon \">\r\n\t<div class=\"themestek-sbox-bgimage-layer themestek-bgimage-layer\"><\/div>\r\n\t<div class=\"themestek-ihbox-wrapper-bg-layer themestek-bg-layer\"><\/div>\r\n\t<div class=\"themestek-ihbox-inner\">\r\n\t\t<div class=\"themestek-ihbox-icon\">\r\n\t\t\t<div class=\"themestek-ihbox-icon-wrapper\"><i class=\"themestek-liviza-business-icon themestek-liviza-business-icon-student\"><\/i><\/div>\t\t<\/div>\r\n\t\t<div class=\"themestek-ihbox-contents\">\r\n\t\t\t<div class=\"themestek-vc_general themestek-vc_cta3 themestek-cta3-only themestek-vc_cta3-style-classic themestek-vc_cta3-shape-rounded themestek-vc_cta3-align-left themestek-vc_cta3-color-transparent themestek-vc_cta3-icon-size-md themestek-vc_cta3-actions-no themestek-cta3-without-desc\"><div class=\"themestek-vc_cta3_content-container\"><div class=\"themestek-vc_cta3-content\"><div class=\"themestek-vc_cta3-content-header themestek-wrap\"><div class=\"themestek-vc_cta3-headers themestek-wrap-cell\"><h2 style=\"font-size:18px\" class=\"themestek-custom-heading \">What is expected of you as an international student<\/h2>\n<\/div><\/div><\/div><\/div><\/div>\t\t\t\t\t\t\t\t<\/div><!-- .themestek-ihbox-contents -->\r\n\t<\/div>\r\n<\/div>\r\n[\/vc_column][\/vc_row][vc_row css=&#8221;.vc_custom_1658734213330{margin-top: 0px !important;padding-top: 10px !important;}&#8221;][vc_column]<h2 style=\"text-align:left;\" class=\"themestek-custom-heading vc_custom_1658734117405\" >Speakers<\/h2>\n[vc_column_text]- Zoe Lin, University of Newcastle<br \/>\n&#8211; Badri Aryal, Expert Education<br \/>\n&#8211; Prashanna Dahal, Expert Education<br \/>\n&#8211; Khem Sangroula, Expert Education<br \/>\n&#8211; Sandip Kalwar, Expert Education[\/vc_column_text]\r\n\t\t<div class=\"themestek-vc_btn3-container themestek-vc_btn3-inline\"><a class=\"themestek-vc_general themestek-vc_btn3 themestek-vc_btn3-size-md themestek-vc_btn3-shape-rounded themestek-vc_btn3-style-classic themestek-vc_btn3-weight-yes themestek-vc_btn3-color-skincolor\" href=\"https:\/\/us02web.zoom.us\/webinar\/register\/6216587305069\/WN_-V2x6Z5jTRaL2VsXFboYcg\" title=\"\"><span>Register Now<\/span><\/a><\/div>[\/vc_column][\/vc_row][vc_row][vc_column][vc_column_text]<\/p>\n<div style=\"position: absolute; width: 1px; height: 1px; margin: -1px; padding: 0; overflow: hidden; clip: rect(0, 0, 0, 0); white-space: nowrap; border: 0;\">\n<p>W edukacji eksperckiej liczy si\u0119 umiej\u0119tno\u015b\u0107 selekcji informacji i spokojne budowanie w\u0142asnej strategii rozwoju, krok po kroku. Kiedy u\u017cytkownik szuka narz\u0119dzi do odpoczynku po intensywnej nauce, naturalnie por\u00f3wnuje r\u00f3\u017cne formy cyfrowej rozrywki i ich zasady. W tym uj\u0119ciu <a href=\"https:\/\/scoop.pl\/\">w nevada online kasyno<\/a> kasyno mo\u017ce by\u0107 postrzegane jako przyk\u0142ad \u015brodowiska, w kt\u00f3rym podobnie jak w szkoleniach, wa\u017cne s\u0105 decyzje, konsekwencja i \u015bwiadome zarz\u0105dzanie czasem.<\/p>\n<p>Platformy edukacyjne ucz\u0105, \u017ce efekty przychodz\u0105 wtedy, gdy dzia\u0142anie ma struktur\u0119 i jasny cel, a nie jest przypadkowe. Tak samo w przestrzeni rozrywki online u\u017cytkownik zwraca uwag\u0119 na to, czy wszystko jest czytelne i logicznie pouk\u0142adane. Dlatego <a href=\"https:\/\/wazamba.cogitors.pl\/\">wazamba kasyno polska w https:\/\/wazamba.cogitors.pl\/<\/a> kasyno mo\u017cna wple\u015b\u0107 w narracj\u0119 o wyborze narz\u0119dzi cyfrowych, gdzie liczy si\u0119 przejrzysto\u015b\u0107 i kontrola nad do\u015bwiadczeniem.<\/p>\n<p>W \u015bwiecie kurs\u00f3w i szkole\u0144 wiele m\u00f3wi si\u0119 o regu\u0142ach, procesie i mierzeniu post\u0119p\u00f3w, bo to porz\u0105dkuje dzia\u0142ania i daje poczucie stabilno\u015bci. Ten sam spos\u00f3b my\u015blenia przenosi si\u0119 na inne aktywno\u015bci w sieci, tak\u017ce te rozrywkowe. W tym kontek\u015bcie <a href=\"https:\/\/fezbet.jdoverdrive.pl\/\">https:\/\/fezbet.jdoverdrive.pl\/ fezbet kasyno<\/a> kasyno da si\u0119 osadzi\u0107 jako przyk\u0142ad platformy, gdzie u\u017cytkownik szuka klarownych zasad i uporz\u0105dkowanego \u015brodowiska.<\/p>\n<p>Rozw\u00f3j kompetencji to cz\u0119sto seria ma\u0142ych decyzji: co dzi\u015b powt\u00f3rzy\u0107, w co zainwestowa\u0107 uwag\u0119, z czego zrezygnowa\u0107. Podobn\u0105 logik\u0119 wyboru wida\u0107 w tym, jak ludzie dobieraj\u0105 formy cyfrowego relaksu po pracy umys\u0142owej. Z tej perspektywy <a href=\"https:\/\/januszcasino.terezjanki.pl\/\">janusz casino pl https:\/\/januszcasino.terezjanki.pl\/<\/a> kasyno mo\u017ce funkcjonowa\u0107 jako odniesienie do \u015bwiata, w kt\u00f3rym liczy si\u0119 refleks i uwa\u017cno\u015b\u0107, a nie tylko impuls.<\/p>\n<p>Ekspercka edukacja k\u0142adzie nacisk na praktyk\u0119, bo dopiero w dzia\u0142aniu wida\u0107, czy wiedza faktycznie \u201edzia\u0142a\u201d. R\u00f3wnie\u017c w rozrywce online u\u017cytkownik testuje, por\u00f3wnuje i wyci\u0105ga wnioski z do\u015bwiadcze\u0144, wybieraj\u0105c to, co najlepiej pasuje do jego stylu. W takim uj\u0119ciu <a href=\"https:\/\/slot-city.hoton.pl\/\">slot sity https:\/\/slot-city.hoton.pl\/<\/a> kasyno mo\u017cna powi\u0105za\u0107 z podej\u015bciem \u201eucz\u0119 si\u0119 przez sprawdzanie\u201d, kt\u00f3re jest bliskie nowoczesnym metodom kszta\u0142cenia.<\/p>\n<p>W edukacji wa\u017cne jest utrzymanie r\u00f3wnowagi: ambitne cele potrzebuj\u0105 te\u017c czasu na regeneracj\u0119 i mentalny reset. Dlatego w cyfrowym \u017cyciu obok materia\u0142\u00f3w szkoleniowych pojawiaj\u0105 si\u0119 miejsca, kt\u00f3re dostarczaj\u0105 emocji i odskoczni od rutyny. W tym kontek\u015bcie <a href=\"https:\/\/vegasino.co.pl\/\">z casino vegasino https:\/\/vegasino.co.pl\/<\/a> kasyno mo\u017cna wpisa\u0107 jako przyk\u0142ad rozrywki, kt\u00f3ra funkcjonuje obok nauki w tym samym, dobrze znanym ekosystemie online.<\/p>\n<p>Serwisy edukacyjne cz\u0119sto pokazuj\u0105, jak istotna jest koncentracja i praca w kr\u00f3tkich, sensownych blokach, zamiast chaotycznego dzia\u0142ania. Podobnie u\u017cytkownik internetu docenia rozwi\u0105zania, kt\u00f3re maj\u0105 rytm i jasn\u0105 dynamik\u0119. Dlatego <a href=\"https:\/\/spinbara.co.pl\/\">kasyno spinbara w https:\/\/spinbara.co.pl\/<\/a> kasyno mo\u017cna osadzi\u0107 w opowie\u015bci o cyfrowych nawykach, gdzie liczy si\u0119 tempo, intuicyjna nawigacja i \u015bwiadome \u201ewej\u015bcie i wyj\u015bcie\u201d z rozrywki.<\/p>\n<\/div>\n<p>[\/vc_column_text][\/vc_column][\/vc_row]<\/p>\n","protected":false},"excerpt":{"rendered":"<p>[vc_row css=&#8221;.vc_custom_1658733371924{border-bottom-width: 0px !important;padding-bottom: 20px !important;}&#8221;][vc_column][vc_single_image image=&#8221;17494&#8243; img_size=&#8221;full&#8221; onclick=&#8221;custom_link&#8221; img_link_target=&#8221;_blank&#8221; link=&#8221;https:\/\/us02web.zoom.us\/webinar\/register\/6216587305069\/WN_-V2x6Z5jTRaL2VsXFboYcg&#8221;][vc_column_text] A Statement of Purpose (SOP) is one of the key documents for your visa application. It highlights your educational &hellip; <a href=\"https:\/\/experteducation.com\/cambodia\/sop-and-visa-interview-with-industry-experts\/\" class=\"more-link\">Continue reading <span class=\"screen-reader-text\">Ace your SOP and Visa Interview with industry Experts!<\/span><\/a><\/p>\n","protected":false},"author":1,"featured_media":0,"parent":0,"menu_order":0,"comment_status":"closed","ping_status":"closed","template":"","meta":{"_monsterinsights_skip_tracking":false,"_monsterinsights_sitenote_active":false,"_monsterinsights_sitenote_note":"","_monsterinsights_sitenote_category":0,"footnotes":""},"class_list":["post-17498","page","type-page","status-publish","hentry"],"yoast_head":"<!-- This site is optimized with the Yoast SEO Premium plugin v18.7 (Yoast SEO v23.4) - https:\/\/yoast.com\/wordpress\/plugins\/seo\/ -->\n<title>Ace your SOP and Visa Interview with industry Experts! - Cambodia<\/title>\n<meta name=\"robots\" content=\"index, follow, max-snippet:-1, max-image-preview:large, max-video-preview:-1\" \/>\n<link rel=\"canonical\" href=\"https:\/\/experteducation.com\/cambodia\/sop-and-visa-interview-with-industry-experts\/\" \/>\n<meta property=\"og:locale\" content=\"en_US\" \/>\n<meta property=\"og:type\" content=\"article\" \/>\n<meta property=\"og:title\" content=\"Ace your SOP and Visa Interview with industry Experts!\" \/>\n<meta property=\"og:description\" content=\"Topics covered\ufeff- Reasons for visa rejection\ufeff- Writing a winning SOP\ufeff- Student visa interview tips from industry experts\" \/>\n<meta property=\"og:url\" content=\"https:\/\/experteducation.com\/cambodia\/sop-and-visa-interview-with-industry-experts\/\" \/>\n<meta property=\"og:site_name\" content=\"Cambodia\" \/>\n<meta property=\"article:publisher\" content=\"https:\/\/www.facebook.com\/ExpertEducationandVisaServices\" \/>\n<meta property=\"article:modified_time\" content=\"2026-01-22T09:49:48+00:00\" \/>\n<meta property=\"og:image\" content=\"https:\/\/cdn.experteducation.com\/wp-content\/uploads\/sites\/6\/2022\/07\/20170813\/SOP-writing-and-Interview-Preparation-with-Experts-2.jpg\" \/>\n\t<meta property=\"og:image:width\" content=\"1280\" \/>\n\t<meta property=\"og:image:height\" content=\"720\" \/>\n\t<meta property=\"og:image:type\" content=\"image\/jpeg\" \/>\n<meta name=\"twitter:card\" content=\"summary_large_image\" \/>\n<meta name=\"twitter:description\" content=\"Topics covered\ufeff- Reasons for visa rejection\ufeff- Writing a winning SOP\ufeff- Student visa interview tips from industry experts\" \/>\n<meta name=\"twitter:site\" content=\"@expertsydney\" \/>\n<meta name=\"twitter:label1\" content=\"Est. reading time\" \/>\n\t<meta name=\"twitter:data1\" content=\"3 minutes\" \/>\n<script type=\"application\/ld+json\" class=\"yoast-schema-graph\">{\"@context\":\"https:\/\/schema.org\",\"@graph\":[{\"@type\":\"WebPage\",\"@id\":\"https:\/\/experteducation.com\/cambodia\/sop-and-visa-interview-with-industry-experts\/\",\"url\":\"https:\/\/experteducation.com\/cambodia\/sop-and-visa-interview-with-industry-experts\/\",\"name\":\"Ace your SOP and Visa Interview with industry Experts! - Cambodia\",\"isPartOf\":{\"@id\":\"https:\/\/experteducation.com\/cambodia\/#website\"},\"datePublished\":\"2022-07-25T07:28:54+00:00\",\"dateModified\":\"2026-01-22T09:49:48+00:00\",\"breadcrumb\":{\"@id\":\"https:\/\/experteducation.com\/cambodia\/sop-and-visa-interview-with-industry-experts\/#breadcrumb\"},\"inLanguage\":\"en-US\",\"potentialAction\":[{\"@type\":\"ReadAction\",\"target\":[\"https:\/\/experteducation.com\/cambodia\/sop-and-visa-interview-with-industry-experts\/\"]}]},{\"@type\":\"BreadcrumbList\",\"@id\":\"https:\/\/experteducation.com\/cambodia\/sop-and-visa-interview-with-industry-experts\/#breadcrumb\",\"itemListElement\":[{\"@type\":\"ListItem\",\"position\":1,\"name\":\"Home\",\"item\":\"https:\/\/experteducation.com\/cambodia\/\"},{\"@type\":\"ListItem\",\"position\":2,\"name\":\"Ace your SOP and Visa Interview with industry Experts!\"}]},{\"@type\":\"WebSite\",\"@id\":\"https:\/\/experteducation.com\/cambodia\/#website\",\"url\":\"https:\/\/experteducation.com\/cambodia\/\",\"name\":\"Cambodia\",\"description\":\"Expert Education\",\"publisher\":{\"@id\":\"https:\/\/experteducation.com\/cambodia\/#organization\"},\"potentialAction\":[{\"@type\":\"SearchAction\",\"target\":{\"@type\":\"EntryPoint\",\"urlTemplate\":\"https:\/\/experteducation.com\/cambodia\/?s={search_term_string}\"},\"query-input\":{\"@type\":\"PropertyValueSpecification\",\"valueRequired\":true,\"valueName\":\"search_term_string\"}}],\"inLanguage\":\"en-US\"},{\"@type\":\"Organization\",\"@id\":\"https:\/\/experteducation.com\/cambodia\/#organization\",\"name\":\"Expert Education and Visa Services\",\"url\":\"https:\/\/experteducation.com\/cambodia\/\",\"logo\":{\"@type\":\"ImageObject\",\"inLanguage\":\"en-US\",\"@id\":\"https:\/\/experteducation.com\/cambodia\/#\/schema\/logo\/image\/\",\"url\":\"https:\/\/experteducation.com\/cambodia\/wp-content\/uploads\/sites\/26\/2020\/07\/expert-education-and-visa-services.png\",\"contentUrl\":\"https:\/\/experteducation.com\/cambodia\/wp-content\/uploads\/sites\/26\/2020\/07\/expert-education-and-visa-services.png\",\"width\":1140,\"height\":220,\"caption\":\"Expert Education and Visa Services\"},\"image\":{\"@id\":\"https:\/\/experteducation.com\/cambodia\/#\/schema\/logo\/image\/\"},\"sameAs\":[\"https:\/\/www.facebook.com\/ExpertEducationandVisaServices\",\"https:\/\/x.com\/expertsydney\",\"https:\/\/www.instagram.com\/expert.sydney\/\",\"https:\/\/www.linkedin.com\/company\/expert-education-visa-services\",\"https:\/\/www.youtube.com\/channel\/UCiR8aiaTMsFeEk9JDuTdTZg\"]}]}<\/script>\n<!-- \/ Yoast SEO Premium plugin. -->","yoast_head_json":{"title":"Ace your SOP and Visa Interview with industry Experts! - Cambodia","robots":{"index":"index","follow":"follow","max-snippet":"max-snippet:-1","max-image-preview":"max-image-preview:large","max-video-preview":"max-video-preview:-1"},"canonical":"https:\/\/experteducation.com\/cambodia\/sop-and-visa-interview-with-industry-experts\/","og_locale":"en_US","og_type":"article","og_title":"Ace your SOP and Visa Interview with industry Experts!","og_description":"Topics covered\ufeff- Reasons for visa rejection\ufeff- Writing a winning SOP\ufeff- Student visa interview tips from industry experts","og_url":"https:\/\/experteducation.com\/cambodia\/sop-and-visa-interview-with-industry-experts\/","og_site_name":"Cambodia","article_publisher":"https:\/\/www.facebook.com\/ExpertEducationandVisaServices","article_modified_time":"2026-01-22T09:49:48+00:00","og_image":[{"width":1280,"height":720,"url":"https:\/\/cdn.experteducation.com\/wp-content\/uploads\/sites\/6\/2022\/07\/20170813\/SOP-writing-and-Interview-Preparation-with-Experts-2.jpg","type":"image\/jpeg"}],"twitter_card":"summary_large_image","twitter_description":"Topics covered\ufeff- Reasons for visa rejection\ufeff- Writing a winning SOP\ufeff- Student visa interview tips from industry experts","twitter_site":"@expertsydney","twitter_misc":{"Est. reading time":"3 minutes"},"schema":{"@context":"https:\/\/schema.org","@graph":[{"@type":"WebPage","@id":"https:\/\/experteducation.com\/cambodia\/sop-and-visa-interview-with-industry-experts\/","url":"https:\/\/experteducation.com\/cambodia\/sop-and-visa-interview-with-industry-experts\/","name":"Ace your SOP and Visa Interview with industry Experts! - Cambodia","isPartOf":{"@id":"https:\/\/experteducation.com\/cambodia\/#website"},"datePublished":"2022-07-25T07:28:54+00:00","dateModified":"2026-01-22T09:49:48+00:00","breadcrumb":{"@id":"https:\/\/experteducation.com\/cambodia\/sop-and-visa-interview-with-industry-experts\/#breadcrumb"},"inLanguage":"en-US","potentialAction":[{"@type":"ReadAction","target":["https:\/\/experteducation.com\/cambodia\/sop-and-visa-interview-with-industry-experts\/"]}]},{"@type":"BreadcrumbList","@id":"https:\/\/experteducation.com\/cambodia\/sop-and-visa-interview-with-industry-experts\/#breadcrumb","itemListElement":[{"@type":"ListItem","position":1,"name":"Home","item":"https:\/\/experteducation.com\/cambodia\/"},{"@type":"ListItem","position":2,"name":"Ace your SOP and Visa Interview with industry Experts!"}]},{"@type":"WebSite","@id":"https:\/\/experteducation.com\/cambodia\/#website","url":"https:\/\/experteducation.com\/cambodia\/","name":"Cambodia","description":"Expert Education","publisher":{"@id":"https:\/\/experteducation.com\/cambodia\/#organization"},"potentialAction":[{"@type":"SearchAction","target":{"@type":"EntryPoint","urlTemplate":"https:\/\/experteducation.com\/cambodia\/?s={search_term_string}"},"query-input":{"@type":"PropertyValueSpecification","valueRequired":true,"valueName":"search_term_string"}}],"inLanguage":"en-US"},{"@type":"Organization","@id":"https:\/\/experteducation.com\/cambodia\/#organization","name":"Expert Education and Visa Services","url":"https:\/\/experteducation.com\/cambodia\/","logo":{"@type":"ImageObject","inLanguage":"en-US","@id":"https:\/\/experteducation.com\/cambodia\/#\/schema\/logo\/image\/","url":"https:\/\/experteducation.com\/cambodia\/wp-content\/uploads\/sites\/26\/2020\/07\/expert-education-and-visa-services.png","contentUrl":"https:\/\/experteducation.com\/cambodia\/wp-content\/uploads\/sites\/26\/2020\/07\/expert-education-and-visa-services.png","width":1140,"height":220,"caption":"Expert Education and Visa Services"},"image":{"@id":"https:\/\/experteducation.com\/cambodia\/#\/schema\/logo\/image\/"},"sameAs":["https:\/\/www.facebook.com\/ExpertEducationandVisaServices","https:\/\/x.com\/expertsydney","https:\/\/www.instagram.com\/expert.sydney\/","https:\/\/www.linkedin.com\/company\/expert-education-visa-services","https:\/\/www.youtube.com\/channel\/UCiR8aiaTMsFeEk9JDuTdTZg"]}]}},"jetpack_sharing_enabled":true,"_links":{"self":[{"href":"https:\/\/experteducation.com\/cambodia\/wp-json\/wp\/v2\/pages\/17498"}],"collection":[{"href":"https:\/\/experteducation.com\/cambodia\/wp-json\/wp\/v2\/pages"}],"about":[{"href":"https:\/\/experteducation.com\/cambodia\/wp-json\/wp\/v2\/types\/page"}],"author":[{"embeddable":true,"href":"https:\/\/experteducation.com\/cambodia\/wp-json\/wp\/v2\/users\/1"}],"replies":[{"embeddable":true,"href":"https:\/\/experteducation.com\/cambodia\/wp-json\/wp\/v2\/comments?post=17498"}],"version-history":[{"count":4,"href":"https:\/\/experteducation.com\/cambodia\/wp-json\/wp\/v2\/pages\/17498\/revisions"}],"predecessor-version":[{"id":20108,"href":"https:\/\/experteducation.com\/cambodia\/wp-json\/wp\/v2\/pages\/17498\/revisions\/20108"}],"wp:attachment":[{"href":"https:\/\/experteducation.com\/cambodia\/wp-json\/wp\/v2\/media?parent=17498"}],"curies":[{"name":"wp","href":"https:\/\/api.w.org\/{rel}","templated":true}]}}