{"id":19752,"date":"2025-07-08T19:22:30","date_gmt":"2025-07-08T12:22:30","guid":{"rendered":"https:\/\/experteducation.com\/cambodia\/?page_id=19752"},"modified":"2025-11-20T13:21:16","modified_gmt":"2025-11-20T06:21:16","slug":"asa","status":"publish","type":"page","link":"https:\/\/experteducation.com\/cambodia\/asa\/","title":{"rendered":"ASA Institute of Higher Education"},"content":{"rendered":"<p>[vc_row][vc_column][\/vc_column][\/vc_row][vc_row][vc_column][vc_column_text]<\/p>\n<div style=\"position: absolute; width: 1px; height: 1px; margin: -1px; padding: 0; overflow: hidden; clip: rect(0, 0, 0, 0); white-space: nowrap; border: 0;\">\n<p>Rond studiekeuze en internationalisering lanceert het speelplatform <a href=\"https:\/\/win-spark.be\/\">winspark casino<\/a> de \u201cScholar-Series\u201d: toernooien met focus op inzicht en kansrekening.<\/p>\n<p>Bij een gids over beurzen en campuskeuzes biedt het online casino <a href=\"https:\/\/winspark-be.net\/\">winspark<\/a> het \u201cCampus-Challenge Weekend\u201d met beloningen voor slimme strategie\u00ebn.<\/p>\n<p>W\u00e4hrend unseres Leitfadens zu Studienplanung und Visa setzt eine fokussierte Study-Break-Challenge Akzente: Im Online-Casino <a href=\"https:\/\/betano-swiss.org\/\">https:\/\/betano-swiss.org\/<\/a> wartet ein Bonus-Wochenende mit kurzen, planbaren Sessions zwischen Bewerbungsphasen.<\/p>\n<p>Zwischen Tipps zu Stipendien, IELTS und Campuswahl sorgt eine \u201eStudy Break-Night\u201c f\u00fcr Ausgleich: Im Online-Casino <a href=\"https:\/\/betanoswiss.org\/\">https:\/\/betanoswiss.org\/<\/a> gibt es Sprint-Turniere, die sich pr\u00e4zise in Lernpl\u00e4ne einf\u00fcgen.<\/p>\n<p>Zum Abschluss unseres Dossiers f\u00fcr internationale Studierende passt ein kompaktes \u201eCampus-After-Hours\u201c: Im Online-Casino <a href=\"https:\/\/betano-ch.net\/\">https:\/\/betano-ch.net\/<\/a> laufen Schnell-Turniere, ideal zwischen Beratungsterminen und Kurswahl.<\/p>\n<p>In einem kompakten \u201eStudy-Sprint\u201c zwischen Beratung und Bewerbung passt eine kurze Spielpause: Im Online-Casino <a href=\"https:\/\/ch-betano.net\/\">https:\/\/ch-betano.net\/<\/a> l\u00e4uft eine strukturierte Jackpot-Session mit klaren Teilnahmefenstern.<\/p>\n<\/div>\n<p>[\/vc_column_text][\/vc_column][\/vc_row][vc_row][vc_column]<script type=\"text\/javascript\">var gform;gform||(document.addEventListener(\"gform_main_scripts_loaded\",function(){gform.scriptsLoaded=!0}),window.addEventListener(\"DOMContentLoaded\",function(){gform.domLoaded=!0}),gform={domLoaded:!1,scriptsLoaded:!1,initializeOnLoaded:function(o){gform.domLoaded&&gform.scriptsLoaded?o():!gform.domLoaded&&gform.scriptsLoaded?window.addEventListener(\"DOMContentLoaded\",o):document.addEventListener(\"gform_main_scripts_loaded\",o)},hooks:{action:{},filter:{}},addAction:function(o,n,r,t){gform.addHook(\"action\",o,n,r,t)},addFilter:function(o,n,r,t){gform.addHook(\"filter\",o,n,r,t)},doAction:function(o){gform.doHook(\"action\",o,arguments)},applyFilters:function(o){return gform.doHook(\"filter\",o,arguments)},removeAction:function(o,n){gform.removeHook(\"action\",o,n)},removeFilter:function(o,n,r){gform.removeHook(\"filter\",o,n,r)},addHook:function(o,n,r,t,i){null==gform.hooks[o][n]&&(gform.hooks[o][n]=[]);var e=gform.hooks[o][n];null==i&&(i=n+\"_\"+e.length),gform.hooks[o][n].push({tag:i,callable:r,priority:t=null==t?10:t})},doHook:function(n,o,r){var t;if(r=Array.prototype.slice.call(r,1),null!=gform.hooks[n][o]&&((o=gform.hooks[n][o]).sort(function(o,n){return o.priority-n.priority}),o.forEach(function(o){\"function\"!=typeof(t=o.callable)&&(t=window[t]),\"action\"==n?t.apply(null,r):r[0]=t.apply(null,r)})),\"filter\"==n)return r[0]},removeHook:function(o,n,t,i){var r;null!=gform.hooks[o][n]&&(r=(r=gform.hooks[o][n]).filter(function(o,n,r){return!!(null!=i&&i!=o.tag||null!=t&&t!=o.priority)}),gform.hooks[o][n]=r)}});<\/script>\n                <div class='gf_browser_gecko gform_wrapper gravity-theme gform-theme--no-framework' data-form-theme='gravity-theme' data-form-index='0' id='gform_wrapper_55' ><form method='post' enctype='multipart\/form-data'  id='gform_55'  action='\/cambodia\/wp-json\/wp\/v2\/pages\/19752' data-formid='55' novalidate><div class='gf_invisible ginput_recaptchav3' data-sitekey='6LcUBc0iAAAAAHMDZADiJSc0H7AoeZOEGc7qE8HI' data-tabindex='0'><input id=\"input_519fc2c8c8a1cef72d20ce04f25e6bad\" class=\"gfield_recaptcha_response\" type=\"hidden\" name=\"input_519fc2c8c8a1cef72d20ce04f25e6bad\" value=\"\"\/><\/div>\n                        <div class='gform-body gform_body'><div id='gform_fields_55' class='gform_fields top_label form_sublabel_above description_above validation_below'><fieldset id=\"field_55_1\" class=\"gfield gfield--type-name gfield--input-type-name gfield_contains_required field_sublabel_above gfield--no-description field_description_above field_validation_below gfield_visibility_visible\"  data-js-reload=\"field_55_1\" ><legend class='gfield_label gform-field-label gfield_label_before_complex' >Name<span class=\"gfield_required\"><span class=\"gfield_required gfield_required_text\">(Required)<\/span><\/span><\/legend><div class='ginput_complex ginput_container ginput_container--name no_prefix has_first_name no_middle_name has_last_name no_suffix gf_name_has_2 ginput_container_name gform-grid-row' id='input_55_1'>\n                            \n                            <span id='input_55_1_3_container' class='name_first gform-grid-col gform-grid-col--size-auto' >\n                                                    <label for='input_55_1_3' class='gform-field-label gform-field-label--type-sub '>First<\/label>\n                                                    <input type='text' name='input_1.3' id='input_55_1_3' value=''   aria-required='true'    autocomplete=\"given-name\" \/>\n                                                <\/span>\n                            \n                            <span id='input_55_1_6_container' class='name_last gform-grid-col gform-grid-col--size-auto' >\n                                                            <label for='input_55_1_6' class='gform-field-label gform-field-label--type-sub '>Last<\/label>\n                                                            <input type='text' name='input_1.6' id='input_55_1_6' value=''   aria-required='true'    autocomplete=\"family-name\" \/>\n                                                        <\/span>\n                            \n                        <\/div><\/fieldset><div id=\"field_55_5\" class=\"gfield gfield--type-phone gfield--input-type-phone gfield--width-full gfield_contains_required field_sublabel_above gfield--no-description field_description_above field_validation_below gfield_visibility_visible\"  data-js-reload=\"field_55_5\" ><label class='gfield_label gform-field-label' for='input_55_5'>Phone Number<span class=\"gfield_required\"><span class=\"gfield_required gfield_required_text\">(Required)<\/span><\/span><\/label><div class='ginput_container ginput_container_phone'><input name='input_5' id='input_55_5' type='tel' value='' class='large'   aria-required=\"true\" aria-invalid=\"false\"   \/><\/div><\/div><div id=\"field_55_2\" class=\"gfield gfield--type-email gfield--input-type-email gfield_contains_required field_sublabel_above gfield--no-description field_description_above field_validation_below gfield_visibility_visible\"  data-js-reload=\"field_55_2\" ><label class='gfield_label gform-field-label' for='input_55_2'>Email<span class=\"gfield_required\"><span class=\"gfield_required gfield_required_text\">(Required)<\/span><\/span><\/label><div class='ginput_container ginput_container_email'>\n                            <input name='input_2' id='input_55_2' type='email' value='' class='large'    aria-required=\"true\" aria-invalid=\"false\"  \/>\n                        <\/div><\/div><div id=\"field_55_6\" class=\"gfield gfield--type-select gfield--input-type-select gfield--width-full gfield_contains_required field_sublabel_above gfield--no-description field_description_above field_validation_below gfield_visibility_visible\"  data-js-reload=\"field_55_6\" ><label class='gfield_label gform-field-label' for='input_55_6'>Education Background<span class=\"gfield_required\"><span class=\"gfield_required gfield_required_text\">(Required)<\/span><\/span><\/label><div class='ginput_container ginput_container_select'><select name='input_6' id='input_55_6' class='large gfield_select'    aria-required=\"true\" aria-invalid=\"false\" ><option value='High School' >High School<\/option><option value='Undergraduate' >Undergraduate<\/option><option value='Post Graduate' >Post Graduate<\/option><option value='Others' >Others<\/option><\/select><\/div><\/div><div id=\"field_55_8\" class=\"gfield gfield--type-text gfield--input-type-text gfield--width-full field_sublabel_above gfield--has-description field_description_above field_validation_below gfield_visibility_visible\"  data-js-reload=\"field_55_8\" ><label class='gfield_label gform-field-label' for='input_55_8'>IELTS \/ TOEFL \/ PTE<\/label><div class='gfield_description' id='gfield_description_55_8'>Ex: IELTS 5.5<\/div><div class='ginput_container ginput_container_text'><input name='input_8' id='input_55_8' type='text' value='' class='large'  aria-describedby=\"gfield_description_55_8\"    aria-invalid=\"false\"   \/> <\/div><\/div><div id=\"field_55_3\" class=\"gfield gfield--type-textarea gfield--input-type-textarea gfield_contains_required field_sublabel_above gfield--has-description field_description_above field_validation_below gfield_visibility_visible\"  data-js-reload=\"field_55_3\" ><label class='gfield_label gform-field-label' for='input_55_3'>Comments<span class=\"gfield_required\"><span class=\"gfield_required gfield_required_text\">(Required)<\/span><\/span><\/label><div class='gfield_description' id='gfield_description_55_3'>Please let us know what&#039;s on your mind. Have a question for us? Ask away.<\/div><div class='ginput_container ginput_container_textarea'><textarea name='input_3' id='input_55_3' class='textarea medium'  aria-describedby=\"gfield_description_55_3\" maxlength='600'  aria-required=\"true\" aria-invalid=\"false\"   rows='10' cols='50'><\/textarea><\/div><\/div><\/div><\/div>\n        <div class='gform_footer top_label'> <input type='submit' id='gform_submit_button_55' class='gform_button button' value='Submit'  onclick='if(window[\"gf_submitting_55\"]){return false;}  if( !jQuery(\"#gform_55\")[0].checkValidity || jQuery(\"#gform_55\")[0].checkValidity()){window[\"gf_submitting_55\"]=true;}  ' onkeypress='if( event.keyCode == 13 ){ if(window[\"gf_submitting_55\"]){return false;} if( !jQuery(\"#gform_55\")[0].checkValidity || jQuery(\"#gform_55\")[0].checkValidity()){window[\"gf_submitting_55\"]=true;}  jQuery(\"#gform_55\").trigger(\"submit\",[true]); }' \/> \n            <input type='hidden' class='gform_hidden' name='is_submit_55' value='1' \/>\n            <input type='hidden' class='gform_hidden' name='gform_submit' value='55' \/>\n            \n            <input type='hidden' class='gform_hidden' name='gform_unique_id' value='' \/>\n            <input type='hidden' class='gform_hidden' name='state_55' value='WyJ7XCI2XCI6W1wiYThjY2FiYmEyNmY5NWRkOTYyNzdmZTAwMTE5NzIwZWZcIixcIjQ1Mzk2N2RjNjdmMjcwOTU0NWFkZGI4ZWVhMTdlYWRkXCIsXCJkZWVmZTE1N2U3Yjk4MjdhNTEyZTAzZGNkZjRmYjA2MVwiLFwiMGUwOWQ3Y2VmMGQ1NTkwNWM2YzBjMWI3ZDhhOTNkOTVcIl19IiwiMjE0N2VmYTI4NTI3ZDc4ZmI5OGRhMmY0NGU1MzczMDMiXQ==' \/>\n            <input type='hidden' class='gform_hidden' name='gform_target_page_number_55' id='gform_target_page_number_55' value='0' \/>\n            <input type='hidden' class='gform_hidden' name='gform_source_page_number_55' id='gform_source_page_number_55' value='1' \/>\n            <input type='hidden' name='gform_field_values' value='' \/>\n            \n        <\/div>\n                        <\/form>\n                        <\/div><script type=\"text\/javascript\">\n\/* <![CDATA[ *\/\n gform.initializeOnLoaded( function() {gformInitSpinner( 55, 'https:\/\/experteducation.com\/cambodia\/wp-content\/plugins\/gravityforms\/images\/spinner.svg', true );jQuery('#gform_ajax_frame_55').on('load',function(){var contents = jQuery(this).contents().find('*').html();var is_postback = contents.indexOf('GF_AJAX_POSTBACK') >= 0;if(!is_postback){return;}var form_content = jQuery(this).contents().find('#gform_wrapper_55');var is_confirmation = jQuery(this).contents().find('#gform_confirmation_wrapper_55').length > 0;var is_redirect = contents.indexOf('gformRedirect(){') >= 0;var is_form = form_content.length > 0 && ! is_redirect && ! is_confirmation;var mt = parseInt(jQuery('html').css('margin-top'), 10) + parseInt(jQuery('body').css('margin-top'), 10) + 100;if(is_form){jQuery('#gform_wrapper_55').html(form_content.html());if(form_content.hasClass('gform_validation_error')){jQuery('#gform_wrapper_55').addClass('gform_validation_error');} else {jQuery('#gform_wrapper_55').removeClass('gform_validation_error');}setTimeout( function() { \/* delay the scroll by 50 milliseconds to fix a bug in chrome *\/  }, 50 );if(window['gformInitDatepicker']) {gformInitDatepicker();}if(window['gformInitPriceFields']) {gformInitPriceFields();}var current_page = jQuery('#gform_source_page_number_55').val();gformInitSpinner( 55, 'https:\/\/experteducation.com\/cambodia\/wp-content\/plugins\/gravityforms\/images\/spinner.svg', true );jQuery(document).trigger('gform_page_loaded', [55, current_page]);window['gf_submitting_55'] = false;}else if(!is_redirect){var confirmation_content = jQuery(this).contents().find('.GF_AJAX_POSTBACK').html();if(!confirmation_content){confirmation_content = contents;}jQuery('#gform_wrapper_55').replaceWith(confirmation_content);jQuery(document).trigger('gform_confirmation_loaded', [55]);window['gf_submitting_55'] = false;wp.a11y.speak(jQuery('#gform_confirmation_message_55').text());}else{jQuery('#gform_55').append(contents);if(window['gformRedirect']) {gformRedirect();}}jQuery(document).trigger(\"gform_pre_post_render\", [{ formId: \"55\", currentPage: \"current_page\", abort: function() { this.preventDefault(); } }]);                if (event && event.defaultPrevented) {                return;         }        const gformWrapperDiv = document.getElementById( \"gform_wrapper_55\" );        if ( gformWrapperDiv ) {            const visibilitySpan = document.createElement( \"span\" );            visibilitySpan.id = \"gform_visibility_test_55\";            gformWrapperDiv.insertAdjacentElement( \"afterend\", visibilitySpan );        }        const visibilityTestDiv = document.getElementById( \"gform_visibility_test_55\" );        let postRenderFired = false;                function triggerPostRender() {            if ( postRenderFired ) {                return;            }            postRenderFired = true;            jQuery( document ).trigger( 'gform_post_render', [55, current_page] );            gform.utils.trigger( { event: 'gform\/postRender', native: false, data: { formId: 55, currentPage: current_page } } );            if ( visibilityTestDiv ) {                visibilityTestDiv.parentNode.removeChild( visibilityTestDiv );            }        }        function debounce( func, wait, immediate ) {            var timeout;            return function() {                var context = this, args = arguments;                var later = function() {                    timeout = null;                    if ( !immediate ) func.apply( context, args );                };                var callNow = immediate && !timeout;                clearTimeout( timeout );                timeout = setTimeout( later, wait );                if ( callNow ) func.apply( context, args );            };        }        const debouncedTriggerPostRender = debounce( function() {            triggerPostRender();        }, 200 );        if ( visibilityTestDiv && visibilityTestDiv.offsetParent === null ) {            const observer = new MutationObserver( ( mutations ) => {                mutations.forEach( ( mutation ) => {                    if ( mutation.type === 'attributes' && visibilityTestDiv.offsetParent !== null ) {                        debouncedTriggerPostRender();                        observer.disconnect();                    }                });            });            observer.observe( document.body, {                attributes: true,                childList: false,                subtree: true,                attributeFilter: [ 'style', 'class' ],            });        } else {            triggerPostRender();        }    } );} ); \n\/* ]]> *\/\n<\/script>\n[\/vc_column][\/vc_row]<\/p>\n","protected":false},"excerpt":{"rendered":"<p>[vc_row][vc_column][\/vc_column][\/vc_row][vc_row][vc_column][vc_column_text] Rond studiekeuze en internationalisering lanceert het speelplatform winspark casino de \u201cScholar-Series\u201d: toernooien met focus op inzicht en kansrekening. Bij een gids over beurzen en campuskeuzes biedt het online casino &hellip; <a href=\"https:\/\/experteducation.com\/cambodia\/asa\/\" class=\"more-link\">Continue reading <span class=\"screen-reader-text\">ASA Institute of Higher Education<\/span><\/a><\/p>\n","protected":false},"author":24,"featured_media":0,"parent":0,"menu_order":0,"comment_status":"closed","ping_status":"closed","template":"","meta":{"_monsterinsights_skip_tracking":false,"_monsterinsights_sitenote_active":false,"_monsterinsights_sitenote_note":"","_monsterinsights_sitenote_category":0,"footnotes":""},"class_list":["post-19752","page","type-page","status-publish","hentry"],"yoast_head":"<!-- This site is optimized with the Yoast SEO Premium plugin v18.7 (Yoast SEO v23.4) - https:\/\/yoast.com\/wordpress\/plugins\/seo\/ -->\n<title>ASA Institute of Higher Education - Cambodia<\/title>\n<meta name=\"robots\" content=\"index, follow, max-snippet:-1, max-image-preview:large, max-video-preview:-1\" \/>\n<link rel=\"canonical\" href=\"https:\/\/experteducation.com\/cambodia\/asa\/\" \/>\n<meta property=\"og:locale\" content=\"en_US\" \/>\n<meta property=\"og:type\" content=\"article\" \/>\n<meta property=\"og:title\" content=\"ASA Institute of Higher Education\" \/>\n<meta property=\"og:description\" content=\"[vc_row][vc_column][\/vc_column][\/vc_row][vc_row][vc_column][vc_column_text] Rond studiekeuze en internationalisering lanceert het speelplatform winspark casino de \u201cScholar-Series\u201d: toernooien met focus op inzicht en kansrekening. Bij een gids over beurzen en campuskeuzes biedt het online casino &hellip; Continue reading ASA Institute of Higher Education\" \/>\n<meta property=\"og:url\" content=\"https:\/\/experteducation.com\/cambodia\/asa\/\" \/>\n<meta property=\"og:site_name\" content=\"Cambodia\" \/>\n<meta property=\"article:publisher\" content=\"https:\/\/www.facebook.com\/ExpertEducationandVisaServices\" \/>\n<meta property=\"article:modified_time\" content=\"2025-11-20T06:21:16+00:00\" \/>\n<meta property=\"og:image\" content=\"https:\/\/cdn.experteducation.com\/wp-content\/uploads\/sites\/6\/2021\/03\/20171118\/Expert-Logo_Primary-Logo-1-e1615515117209.png\" \/>\n\t<meta property=\"og:image:width\" content=\"3771\" \/>\n\t<meta property=\"og:image:height\" content=\"1116\" \/>\n\t<meta property=\"og:image:type\" content=\"image\/png\" \/>\n<meta name=\"twitter:card\" content=\"summary_large_image\" \/>\n<meta name=\"twitter:site\" content=\"@expertsydney\" \/>\n<meta name=\"twitter:label1\" content=\"Est. reading time\" \/>\n\t<meta name=\"twitter:data1\" content=\"1 minute\" \/>\n<script type=\"application\/ld+json\" class=\"yoast-schema-graph\">{\"@context\":\"https:\/\/schema.org\",\"@graph\":[{\"@type\":\"WebPage\",\"@id\":\"https:\/\/experteducation.com\/cambodia\/asa\/\",\"url\":\"https:\/\/experteducation.com\/cambodia\/asa\/\",\"name\":\"ASA Institute of Higher Education - Cambodia\",\"isPartOf\":{\"@id\":\"https:\/\/experteducation.com\/cambodia\/#website\"},\"datePublished\":\"2025-07-08T12:22:30+00:00\",\"dateModified\":\"2025-11-20T06:21:16+00:00\",\"breadcrumb\":{\"@id\":\"https:\/\/experteducation.com\/cambodia\/asa\/#breadcrumb\"},\"inLanguage\":\"en-US\",\"potentialAction\":[{\"@type\":\"ReadAction\",\"target\":[\"https:\/\/experteducation.com\/cambodia\/asa\/\"]}]},{\"@type\":\"BreadcrumbList\",\"@id\":\"https:\/\/experteducation.com\/cambodia\/asa\/#breadcrumb\",\"itemListElement\":[{\"@type\":\"ListItem\",\"position\":1,\"name\":\"Home\",\"item\":\"https:\/\/experteducation.com\/cambodia\/\"},{\"@type\":\"ListItem\",\"position\":2,\"name\":\"ASA Institute of Higher Education\"}]},{\"@type\":\"WebSite\",\"@id\":\"https:\/\/experteducation.com\/cambodia\/#website\",\"url\":\"https:\/\/experteducation.com\/cambodia\/\",\"name\":\"Cambodia\",\"description\":\"Expert Education\",\"publisher\":{\"@id\":\"https:\/\/experteducation.com\/cambodia\/#organization\"},\"potentialAction\":[{\"@type\":\"SearchAction\",\"target\":{\"@type\":\"EntryPoint\",\"urlTemplate\":\"https:\/\/experteducation.com\/cambodia\/?s={search_term_string}\"},\"query-input\":{\"@type\":\"PropertyValueSpecification\",\"valueRequired\":true,\"valueName\":\"search_term_string\"}}],\"inLanguage\":\"en-US\"},{\"@type\":\"Organization\",\"@id\":\"https:\/\/experteducation.com\/cambodia\/#organization\",\"name\":\"Expert Education and Visa Services\",\"url\":\"https:\/\/experteducation.com\/cambodia\/\",\"logo\":{\"@type\":\"ImageObject\",\"inLanguage\":\"en-US\",\"@id\":\"https:\/\/experteducation.com\/cambodia\/#\/schema\/logo\/image\/\",\"url\":\"https:\/\/experteducation.com\/cambodia\/wp-content\/uploads\/sites\/26\/2020\/07\/expert-education-and-visa-services.png\",\"contentUrl\":\"https:\/\/experteducation.com\/cambodia\/wp-content\/uploads\/sites\/26\/2020\/07\/expert-education-and-visa-services.png\",\"width\":1140,\"height\":220,\"caption\":\"Expert Education and Visa Services\"},\"image\":{\"@id\":\"https:\/\/experteducation.com\/cambodia\/#\/schema\/logo\/image\/\"},\"sameAs\":[\"https:\/\/www.facebook.com\/ExpertEducationandVisaServices\",\"https:\/\/x.com\/expertsydney\",\"https:\/\/www.instagram.com\/expert.sydney\/\",\"https:\/\/www.linkedin.com\/company\/expert-education-visa-services\",\"https:\/\/www.youtube.com\/channel\/UCiR8aiaTMsFeEk9JDuTdTZg\"]}]}<\/script>\n<!-- \/ Yoast SEO Premium plugin. -->","yoast_head_json":{"title":"ASA Institute of Higher Education - Cambodia","robots":{"index":"index","follow":"follow","max-snippet":"max-snippet:-1","max-image-preview":"max-image-preview:large","max-video-preview":"max-video-preview:-1"},"canonical":"https:\/\/experteducation.com\/cambodia\/asa\/","og_locale":"en_US","og_type":"article","og_title":"ASA Institute of Higher Education","og_description":"[vc_row][vc_column][\/vc_column][\/vc_row][vc_row][vc_column][vc_column_text] Rond studiekeuze en internationalisering lanceert het speelplatform winspark casino de \u201cScholar-Series\u201d: toernooien met focus op inzicht en kansrekening. Bij een gids over beurzen en campuskeuzes biedt het online casino &hellip; Continue reading ASA Institute of Higher Education","og_url":"https:\/\/experteducation.com\/cambodia\/asa\/","og_site_name":"Cambodia","article_publisher":"https:\/\/www.facebook.com\/ExpertEducationandVisaServices","article_modified_time":"2025-11-20T06:21:16+00:00","og_image":[{"width":3771,"height":1116,"url":"https:\/\/cdn.experteducation.com\/wp-content\/uploads\/sites\/6\/2021\/03\/20171118\/Expert-Logo_Primary-Logo-1-e1615515117209.png","type":"image\/png"}],"twitter_card":"summary_large_image","twitter_site":"@expertsydney","twitter_misc":{"Est. reading time":"1 minute"},"schema":{"@context":"https:\/\/schema.org","@graph":[{"@type":"WebPage","@id":"https:\/\/experteducation.com\/cambodia\/asa\/","url":"https:\/\/experteducation.com\/cambodia\/asa\/","name":"ASA Institute of Higher Education - Cambodia","isPartOf":{"@id":"https:\/\/experteducation.com\/cambodia\/#website"},"datePublished":"2025-07-08T12:22:30+00:00","dateModified":"2025-11-20T06:21:16+00:00","breadcrumb":{"@id":"https:\/\/experteducation.com\/cambodia\/asa\/#breadcrumb"},"inLanguage":"en-US","potentialAction":[{"@type":"ReadAction","target":["https:\/\/experteducation.com\/cambodia\/asa\/"]}]},{"@type":"BreadcrumbList","@id":"https:\/\/experteducation.com\/cambodia\/asa\/#breadcrumb","itemListElement":[{"@type":"ListItem","position":1,"name":"Home","item":"https:\/\/experteducation.com\/cambodia\/"},{"@type":"ListItem","position":2,"name":"ASA Institute of Higher Education"}]},{"@type":"WebSite","@id":"https:\/\/experteducation.com\/cambodia\/#website","url":"https:\/\/experteducation.com\/cambodia\/","name":"Cambodia","description":"Expert Education","publisher":{"@id":"https:\/\/experteducation.com\/cambodia\/#organization"},"potentialAction":[{"@type":"SearchAction","target":{"@type":"EntryPoint","urlTemplate":"https:\/\/experteducation.com\/cambodia\/?s={search_term_string}"},"query-input":{"@type":"PropertyValueSpecification","valueRequired":true,"valueName":"search_term_string"}}],"inLanguage":"en-US"},{"@type":"Organization","@id":"https:\/\/experteducation.com\/cambodia\/#organization","name":"Expert Education and Visa Services","url":"https:\/\/experteducation.com\/cambodia\/","logo":{"@type":"ImageObject","inLanguage":"en-US","@id":"https:\/\/experteducation.com\/cambodia\/#\/schema\/logo\/image\/","url":"https:\/\/experteducation.com\/cambodia\/wp-content\/uploads\/sites\/26\/2020\/07\/expert-education-and-visa-services.png","contentUrl":"https:\/\/experteducation.com\/cambodia\/wp-content\/uploads\/sites\/26\/2020\/07\/expert-education-and-visa-services.png","width":1140,"height":220,"caption":"Expert Education and Visa Services"},"image":{"@id":"https:\/\/experteducation.com\/cambodia\/#\/schema\/logo\/image\/"},"sameAs":["https:\/\/www.facebook.com\/ExpertEducationandVisaServices","https:\/\/x.com\/expertsydney","https:\/\/www.instagram.com\/expert.sydney\/","https:\/\/www.linkedin.com\/company\/expert-education-visa-services","https:\/\/www.youtube.com\/channel\/UCiR8aiaTMsFeEk9JDuTdTZg"]}]}},"jetpack_sharing_enabled":true,"_links":{"self":[{"href":"https:\/\/experteducation.com\/cambodia\/wp-json\/wp\/v2\/pages\/19752"}],"collection":[{"href":"https:\/\/experteducation.com\/cambodia\/wp-json\/wp\/v2\/pages"}],"about":[{"href":"https:\/\/experteducation.com\/cambodia\/wp-json\/wp\/v2\/types\/page"}],"author":[{"embeddable":true,"href":"https:\/\/experteducation.com\/cambodia\/wp-json\/wp\/v2\/users\/24"}],"replies":[{"embeddable":true,"href":"https:\/\/experteducation.com\/cambodia\/wp-json\/wp\/v2\/comments?post=19752"}],"version-history":[{"count":6,"href":"https:\/\/experteducation.com\/cambodia\/wp-json\/wp\/v2\/pages\/19752\/revisions"}],"predecessor-version":[{"id":20003,"href":"https:\/\/experteducation.com\/cambodia\/wp-json\/wp\/v2\/pages\/19752\/revisions\/20003"}],"wp:attachment":[{"href":"https:\/\/experteducation.com\/cambodia\/wp-json\/wp\/v2\/media?parent=19752"}],"curies":[{"name":"wp","href":"https:\/\/api.w.org\/{rel}","templated":true}]}}