{"id":14134,"date":"2020-07-13T00:18:40","date_gmt":"2020-07-12T14:18:40","guid":{"rendered":"https:\/\/experteducation.com\/brazil\/?page_id=14134"},"modified":"2023-04-27T17:16:48","modified_gmt":"2023-04-27T07:16:48","slug":"message-from-director","status":"publish","type":"page","link":"https:\/\/experteducation.com\/colombia\/about\/message-from-director\/","title":{"rendered":"Mensaje del director"},"content":{"rendered":"<p>[vc_row equal_height=&#8221;yes&#8221; content_placement=&#8221;middle&#8221;][vc_column width=&#8221;1\/2&#8243;][vc_single_image image=&#8221;17623&#8243; img_size=&#8221;full&#8221; alignment=&#8221;center&#8221; style=&#8221;vc_box_rounded&#8221; css=&#8221;.vc_custom_1661839817330{margin-top: 30px !important;}&#8221;][\/vc_column][vc_column width=&#8221;1\/2&#8243; css=&#8221;.vc_custom_1594600152280{margin-top: 50px !important;}&#8221;]<h6 style=\"text-align:left;line-height:1.8;font-family:'Droid Serif',Arial,Helvetica;font-weight:400;\" class=\"themestek-custom-heading \" >Bienvenido a Expert Education, el proveedor l\u00edder de soluciones completas para que los estudiantes internacionales estudien y vivan en Australia. En Expert Education, nos esforzamos continuamente para brindar asesoramiento confiable a estudiantes de todo el mundo para ayudarlos a promover su crecimiento acad\u00e9mico y profesional en Australia. Y al hacerlo, siempre nos enfocamos en el bienestar y la satisfacci\u00f3n de nuestros clientes.<\/h6>\n[vc_column_text]Adoptamos el esp\u00edritu de transparencia y confiabilidad en todos nuestros servicios ofrecidos desde nuestras oficinas globales en diez pa\u00edses. Es este esp\u00edritu el que nos ha ganado el respeto y el aprecio de los m\u00e1s de 40.000 clientes a los que servimos y nos ha posicionado como expertos en la industria.<\/p>\n<p>Impulsados \u200b\u200bpor nuestra genuina pasi\u00f3n por ayudar a los estudiantes internacionales a seleccionar cursos profesionales de alta demanda, inscribirse en instituciones educativas de clase mundial y promover sus ambiciones profesionales en Australia, hemos ampliado nuestra cartera de servicios para incluir los servicios que un estudiante internacional puede necesitar para estudiar y vivir. en Australia.<\/p>\n<p>Nos gustar\u00eda expresar nuestro agradecimiento a todos nuestros clientes, simpatizantes e instituciones asociadas en Australia y en todo el mundo por apreciar nuestros valores y ser parte de nuestra misi\u00f3n. Tambi\u00e9n nos gustar\u00eda asegurarles a nuestros estudiantes y socios que continuaremos esforz\u00e1ndonos por mantener nuestro compromiso de hacer que la educaci\u00f3n australiana sea accesible para los estudiantes que lo merecen en todo el mundo.[\/vc_column_text][vc_column_text]<strong>Tuyo sinceramente,,<\/strong><br \/>\n<strong>Badri Aryal<\/strong>[\/vc_column_text][\/vc_column][\/vc_row]<\/p>\n","protected":false},"excerpt":{"rendered":"<p>[vc_row equal_height=&#8221;yes&#8221; content_placement=&#8221;middle&#8221;][vc_column width=&#8221;1\/2&#8243;][vc_single_image image=&#8221;17623&#8243; img_size=&#8221;full&#8221; alignment=&#8221;center&#8221; style=&#8221;vc_box_rounded&#8221; css=&#8221;.vc_custom_1661839817330{margin-top: 30px !important;}&#8221;][\/vc_column][vc_column width=&#8221;1\/2&#8243; css=&#8221;.vc_custom_1594600152280{margin-top: 50px !important;}&#8221;][vc_column_text]Adoptamos el esp\u00edritu de transparencia y confiabilidad en todos nuestros servicios ofrecidos desde nuestras oficinas globales &hellip; <a href=\"https:\/\/experteducation.com\/colombia\/about\/message-from-director\/\" class=\"more-link\">Continue reading <span class=\"screen-reader-text\">Mensaje del director<\/span><\/a><\/p>\n","protected":false},"author":1,"featured_media":0,"parent":6669,"menu_order":7,"comment_status":"closed","ping_status":"closed","template":"","meta":{"_monsterinsights_skip_tracking":false,"_monsterinsights_sitenote_active":false,"_monsterinsights_sitenote_note":"","_monsterinsights_sitenote_category":0,"footnotes":""},"class_list":["post-14134","page","type-page","status-publish","hentry"],"yoast_head":"<!-- This site is optimized with the Yoast SEO Premium plugin v18.7 (Yoast SEO v23.4) - https:\/\/yoast.com\/wordpress\/plugins\/seo\/ -->\n<title>Message from Director - Expert Education<\/title>\n<meta name=\"description\" content=\"At Expert Education Australia, we continuously strive to provide credible and trustworthy counselling to students from all over the world to help them further their academic and professional growth.\" \/>\n<meta name=\"robots\" content=\"index, follow, max-snippet:-1, max-image-preview:large, max-video-preview:-1\" \/>\n<link rel=\"canonical\" href=\"https:\/\/experteducation.com\/colombia\/about\/message-from-director\/\" \/>\n<meta property=\"og:locale\" content=\"en_US\" \/>\n<meta property=\"og:type\" content=\"article\" \/>\n<meta property=\"og:title\" content=\"Mensaje del director\" \/>\n<meta property=\"og:description\" content=\"At Expert Education Australia, we continuously strive to provide credible and trustworthy counselling to students from all over the world to help them further their academic and professional growth.\" \/>\n<meta property=\"og:url\" content=\"https:\/\/experteducation.com\/colombia\/about\/message-from-director\/\" \/>\n<meta property=\"og:site_name\" content=\"Expert Education Colombia\" \/>\n<meta property=\"article:publisher\" content=\"https:\/\/www.facebook.com\/ExpertEducationandVisaServices\" \/>\n<meta property=\"article:modified_time\" content=\"2023-04-27T07:16:48+00:00\" \/>\n<meta property=\"og:image\" content=\"https:\/\/cdn.experteducation.com\/wp-content\/uploads\/sites\/13\/2021\/03\/20175311\/Expert-Logo_Primary-Logo-1-e1615515117209.png\" \/>\n\t<meta property=\"og:image:width\" content=\"3771\" \/>\n\t<meta property=\"og:image:height\" content=\"1116\" \/>\n\t<meta property=\"og:image:type\" content=\"image\/png\" \/>\n<meta name=\"twitter:card\" content=\"summary_large_image\" \/>\n<meta name=\"twitter:site\" content=\"@expertsydney\" \/>\n<meta name=\"twitter:label1\" content=\"Est. reading time\" \/>\n\t<meta name=\"twitter:data1\" content=\"2 minutes\" \/>\n<script type=\"application\/ld+json\" class=\"yoast-schema-graph\">{\"@context\":\"https:\/\/schema.org\",\"@graph\":[{\"@type\":\"WebPage\",\"@id\":\"https:\/\/experteducation.com\/colombia\/about\/message-from-director\/\",\"url\":\"https:\/\/experteducation.com\/colombia\/about\/message-from-director\/\",\"name\":\"Message from Director - Expert Education\",\"isPartOf\":{\"@id\":\"https:\/\/experteducation.com\/colombia\/#website\"},\"datePublished\":\"2020-07-12T14:18:40+00:00\",\"dateModified\":\"2023-04-27T07:16:48+00:00\",\"description\":\"At Expert Education Australia, we continuously strive to provide credible and trustworthy counselling to students from all over the world to help them further their academic and professional growth.\",\"breadcrumb\":{\"@id\":\"https:\/\/experteducation.com\/colombia\/about\/message-from-director\/#breadcrumb\"},\"inLanguage\":\"en-US\",\"potentialAction\":[{\"@type\":\"ReadAction\",\"target\":[\"https:\/\/experteducation.com\/colombia\/about\/message-from-director\/\"]}]},{\"@type\":\"BreadcrumbList\",\"@id\":\"https:\/\/experteducation.com\/colombia\/about\/message-from-director\/#breadcrumb\",\"itemListElement\":[{\"@type\":\"ListItem\",\"position\":1,\"name\":\"Home\",\"item\":\"https:\/\/experteducation.com\/colombia\/\"},{\"@type\":\"ListItem\",\"position\":2,\"name\":\"Sobre nosotros\",\"item\":\"https:\/\/experteducation.com\/colombia\/about\/\"},{\"@type\":\"ListItem\",\"position\":3,\"name\":\"Mensaje del director\"}]},{\"@type\":\"WebSite\",\"@id\":\"https:\/\/experteducation.com\/colombia\/#website\",\"url\":\"https:\/\/experteducation.com\/colombia\/\",\"name\":\"Expert Education Colombia\",\"description\":\"Rely on Experts\",\"publisher\":{\"@id\":\"https:\/\/experteducation.com\/colombia\/#organization\"},\"potentialAction\":[{\"@type\":\"SearchAction\",\"target\":{\"@type\":\"EntryPoint\",\"urlTemplate\":\"https:\/\/experteducation.com\/colombia\/?s={search_term_string}\"},\"query-input\":{\"@type\":\"PropertyValueSpecification\",\"valueRequired\":true,\"valueName\":\"search_term_string\"}}],\"inLanguage\":\"en-US\"},{\"@type\":\"Organization\",\"@id\":\"https:\/\/experteducation.com\/colombia\/#organization\",\"name\":\"Expert Education and Visa Services\",\"url\":\"https:\/\/experteducation.com\/colombia\/\",\"logo\":{\"@type\":\"ImageObject\",\"inLanguage\":\"en-US\",\"@id\":\"https:\/\/experteducation.com\/colombia\/#\/schema\/logo\/image\/\",\"url\":\"https:\/\/experteducation.com\/brazil\/wp-content\/uploads\/sites\/13\/2020\/07\/expert-education-and-visa-services.png\",\"contentUrl\":\"https:\/\/experteducation.com\/brazil\/wp-content\/uploads\/sites\/13\/2020\/07\/expert-education-and-visa-services.png\",\"width\":1140,\"height\":220,\"caption\":\"Expert Education and Visa Services\"},\"image\":{\"@id\":\"https:\/\/experteducation.com\/colombia\/#\/schema\/logo\/image\/\"},\"sameAs\":[\"https:\/\/www.facebook.com\/ExpertEducationandVisaServices\",\"https:\/\/x.com\/expertsydney\",\"https:\/\/www.instagram.com\/expert.sydney\/\",\"https:\/\/www.linkedin.com\/company\/expert-education-visa-services\",\"https:\/\/www.youtube.com\/channel\/UCiR8aiaTMsFeEk9JDuTdTZg\"]}]}<\/script>\n<!-- \/ Yoast SEO Premium plugin. -->","yoast_head_json":{"title":"Message from Director - Expert Education","description":"At Expert Education Australia, we continuously strive to provide credible and trustworthy counselling to students from all over the world to help them further their academic and professional growth.","robots":{"index":"index","follow":"follow","max-snippet":"max-snippet:-1","max-image-preview":"max-image-preview:large","max-video-preview":"max-video-preview:-1"},"canonical":"https:\/\/experteducation.com\/colombia\/about\/message-from-director\/","og_locale":"en_US","og_type":"article","og_title":"Mensaje del director","og_description":"At Expert Education Australia, we continuously strive to provide credible and trustworthy counselling to students from all over the world to help them further their academic and professional growth.","og_url":"https:\/\/experteducation.com\/colombia\/about\/message-from-director\/","og_site_name":"Expert Education Colombia","article_publisher":"https:\/\/www.facebook.com\/ExpertEducationandVisaServices","article_modified_time":"2023-04-27T07:16:48+00:00","og_image":[{"width":3771,"height":1116,"url":"https:\/\/cdn.experteducation.com\/wp-content\/uploads\/sites\/13\/2021\/03\/20175311\/Expert-Logo_Primary-Logo-1-e1615515117209.png","type":"image\/png"}],"twitter_card":"summary_large_image","twitter_site":"@expertsydney","twitter_misc":{"Est. reading time":"2 minutes"},"schema":{"@context":"https:\/\/schema.org","@graph":[{"@type":"WebPage","@id":"https:\/\/experteducation.com\/colombia\/about\/message-from-director\/","url":"https:\/\/experteducation.com\/colombia\/about\/message-from-director\/","name":"Message from Director - Expert Education","isPartOf":{"@id":"https:\/\/experteducation.com\/colombia\/#website"},"datePublished":"2020-07-12T14:18:40+00:00","dateModified":"2023-04-27T07:16:48+00:00","description":"At Expert Education Australia, we continuously strive to provide credible and trustworthy counselling to students from all over the world to help them further their academic and professional growth.","breadcrumb":{"@id":"https:\/\/experteducation.com\/colombia\/about\/message-from-director\/#breadcrumb"},"inLanguage":"en-US","potentialAction":[{"@type":"ReadAction","target":["https:\/\/experteducation.com\/colombia\/about\/message-from-director\/"]}]},{"@type":"BreadcrumbList","@id":"https:\/\/experteducation.com\/colombia\/about\/message-from-director\/#breadcrumb","itemListElement":[{"@type":"ListItem","position":1,"name":"Home","item":"https:\/\/experteducation.com\/colombia\/"},{"@type":"ListItem","position":2,"name":"Sobre nosotros","item":"https:\/\/experteducation.com\/colombia\/about\/"},{"@type":"ListItem","position":3,"name":"Mensaje del director"}]},{"@type":"WebSite","@id":"https:\/\/experteducation.com\/colombia\/#website","url":"https:\/\/experteducation.com\/colombia\/","name":"Expert Education Colombia","description":"Rely on Experts","publisher":{"@id":"https:\/\/experteducation.com\/colombia\/#organization"},"potentialAction":[{"@type":"SearchAction","target":{"@type":"EntryPoint","urlTemplate":"https:\/\/experteducation.com\/colombia\/?s={search_term_string}"},"query-input":{"@type":"PropertyValueSpecification","valueRequired":true,"valueName":"search_term_string"}}],"inLanguage":"en-US"},{"@type":"Organization","@id":"https:\/\/experteducation.com\/colombia\/#organization","name":"Expert Education and Visa Services","url":"https:\/\/experteducation.com\/colombia\/","logo":{"@type":"ImageObject","inLanguage":"en-US","@id":"https:\/\/experteducation.com\/colombia\/#\/schema\/logo\/image\/","url":"https:\/\/experteducation.com\/brazil\/wp-content\/uploads\/sites\/13\/2020\/07\/expert-education-and-visa-services.png","contentUrl":"https:\/\/experteducation.com\/brazil\/wp-content\/uploads\/sites\/13\/2020\/07\/expert-education-and-visa-services.png","width":1140,"height":220,"caption":"Expert Education and Visa Services"},"image":{"@id":"https:\/\/experteducation.com\/colombia\/#\/schema\/logo\/image\/"},"sameAs":["https:\/\/www.facebook.com\/ExpertEducationandVisaServices","https:\/\/x.com\/expertsydney","https:\/\/www.instagram.com\/expert.sydney\/","https:\/\/www.linkedin.com\/company\/expert-education-visa-services","https:\/\/www.youtube.com\/channel\/UCiR8aiaTMsFeEk9JDuTdTZg"]}]}},"jetpack_sharing_enabled":true,"_links":{"self":[{"href":"https:\/\/experteducation.com\/colombia\/wp-json\/wp\/v2\/pages\/14134"}],"collection":[{"href":"https:\/\/experteducation.com\/colombia\/wp-json\/wp\/v2\/pages"}],"about":[{"href":"https:\/\/experteducation.com\/colombia\/wp-json\/wp\/v2\/types\/page"}],"author":[{"embeddable":true,"href":"https:\/\/experteducation.com\/colombia\/wp-json\/wp\/v2\/users\/1"}],"replies":[{"embeddable":true,"href":"https:\/\/experteducation.com\/colombia\/wp-json\/wp\/v2\/comments?post=14134"}],"version-history":[{"count":0,"href":"https:\/\/experteducation.com\/colombia\/wp-json\/wp\/v2\/pages\/14134\/revisions"}],"up":[{"embeddable":true,"href":"https:\/\/experteducation.com\/colombia\/wp-json\/wp\/v2\/pages\/6669"}],"wp:attachment":[{"href":"https:\/\/experteducation.com\/colombia\/wp-json\/wp\/v2\/media?parent=14134"}],"curies":[{"name":"wp","href":"https:\/\/api.w.org\/{rel}","templated":true}]}}