{"id":6669,"date":"2018-08-03T08:06:05","date_gmt":"2018-08-02T22:06:05","guid":{"rendered":"https:\/\/labtechco.themestek.com\/?page_id=6669"},"modified":"2025-11-28T16:36:36","modified_gmt":"2025-11-28T09:36:36","slug":"gioi-thieu","status":"publish","type":"page","link":"https:\/\/experteducation.com\/vietnam\/gioi-thieu\/","title":{"rendered":"Gi\u1edbi thi\u1ec7u"},"content":{"rendered":"<p>[vc_row themestek_responsive_css=&#8221;66659895|colbreak_no|||||||||colbreak_yes|||||||||colbreak_no||||||||||colbreak_no|||||||||&#8221; css=&#8221;.vc_custom_1645149014983{padding-bottom: 20px !important;}&#8221; el_id=&#8221;main-row&#8221;][vc_column]<div class=\"themestek-element-heading-wrapper themestek-heading-inner themestek-element-align-left themestek-seperator-none \"><section class=\"themestek-vc_cta3-container\"><div class=\"themestek-vc_general themestek-vc_cta3 themestek-cta3-only themestek-vc_cta3-style-classic themestek-vc_cta3-shape-rounded themestek-vc_cta3-align-left themestek-vc_cta3-color-transparent themestek-vc_cta3-icon-size-md themestek-vc_cta3-actions-no themestek-cta3-without-desc\"><div class=\"themestek-vc_cta3_content-container\"><div class=\"themestek-vc_cta3-content\"><div class=\"themestek-vc_cta3-content-header themestek-wrap\"><div class=\"themestek-vc_cta3-headers themestek-wrap-cell\"><h4 class=\"themestek-custom-heading \" >Our Motto<\/h4>\n<h2 class=\"themestek-custom-heading \" >H\u00e3y c\u00f9ng nhau l\u00ean k\u1ebf ho\u1ea1ch cho s\u1ef1 nghi\u1ec7p c\u1ee7a b\u1ea1n<\/h2>\n<\/div><\/div><\/div><\/div><\/div><\/section><\/div> <!-- .themestek-element-heading-wrapper container --> [vc_column_text]<\/p>\n<p style=\"text-align: justify\"><span style=\"font-size: 12pt\">EEVS Vietnam (Expert Education Vietnam) t\u1ef1 h\u00e0o l\u00e0 c\u00f4ng ty t\u01b0 v\u1ea5n du h\u1ecdc h\u00e0ng \u0111\u1ea7u v\u1edbi s\u1ef1 hi\u1ec7n di\u1ec7n t\u1ea1i 20 qu\u1ed1c gia tr\u00ean to\u00e0n c\u1ea7u. Ch\u00fang t\u00f4i chuy\u00ean cung c\u1ea5p d\u1ecbch v\u1ee5 t\u01b0 v\u1ea5n du h\u1ecdc \u00dac, Canada, M\u1ef9 v\u00e0 Anh, gi\u00fap b\u1ea1n l\u1ef1a ch\u1ecdn con \u0111\u01b0\u1eddng h\u1ecdc t\u1eadp ph\u00f9 h\u1ee3p v\u00e0 thu\u1eadn l\u1ee3i nh\u1ea5t. Ngo\u00e0i vi\u1ec7c cung c\u1ea5p d\u1ecbch v\u1ee5, ch\u00fang t\u00f4i c\u00f2n l\u00e0 ng\u01b0\u1eddi b\u1ea1n \u0111\u1ed3ng h\u00e0nh \u0111\u00e1ng tin c\u1eady trong h\u00e0nh tr\u00ecnh du h\u1ecdc c\u1ee7a b\u1ea1n.<\/span><\/p>\n<p>[\/vc_column_text][\/vc_column][\/vc_row][vc_row equal_height=&#8221;yes&#8221; css=&#8221;.vc_custom_1645148842892{margin-bottom: 20px !important;padding-top: 0px !important;padding-bottom: 40px !important;}&#8221; themestek_responsive_css=&#8221;46552357|colbreak_no|||||||||colbreak_yes||||||10||10|colbreak_no||||||10||10||colbreak_no|||||||||&#8221;][vc_column width=&#8221;1\/4&#8243; css=&#8221;.vc_custom_1645148760626{padding-top: 20px !important;}&#8221;]<div class=\"themestek-ihbox themestek-ihbox-style-2 themestek-ihbox-itype-icon \">\r\n\t<div class=\"themestek-sbox-bgimage-layer themestek-bgimage-layer\"><\/div>\r\n\t<div class=\"themestek-ihbox-wrapper-bg-layer themestek-bg-layer\"><\/div>\r\n\t<div class=\"themestek-ihbox-inner\">\r\n\t\t<div class=\"themestek-ihbox-icon\">\r\n\t\t\t<div class=\"themestek-ihbox-icon-wrapper\"><i class=\"themestek-liviza-business-icon themestek-liviza-business-icon-meeting\"><\/i><\/div>\t\t<\/div>\r\n\t\t<div class=\"themestek-ihbox-contents\">\r\n\t\t\t<div class=\"themestek-vc_general themestek-vc_cta3 themestek-cta3-only themestek-vc_cta3-style-classic themestek-vc_cta3-shape-rounded themestek-vc_cta3-align-left themestek-vc_cta3-color-transparent themestek-vc_cta3-icon-size-md themestek-vc_cta3-actions-no themestek-cta3-without-desc\"><div class=\"themestek-vc_cta3_content-container\"><div class=\"themestek-vc_cta3-content\"><div class=\"themestek-vc_cta3-content-header themestek-wrap\"><div class=\"themestek-vc_cta3-headers themestek-wrap-cell\"><h2 style=\"font-size:24px\" class=\"themestek-custom-heading stats-heading \">1500+<\/h2>\n<h4 style=\"font-size:16px;color:#334770\" class=\"themestek-custom-heading stats-subheading \">Global Team Members<\/h4>\n<\/div><\/div><\/div><\/div><\/div>\t\t\t\t\t\t\t\t<\/div><!-- .themestek-ihbox-contents -->\r\n\t<\/div>\r\n<\/div>\r\n[\/vc_column][vc_column width=&#8221;1\/4&#8243; css=&#8221;.vc_custom_1645148766216{padding-top: 20px !important;}&#8221;]<div class=\"themestek-ihbox themestek-ihbox-style-2 themestek-ihbox-itype-icon \">\r\n\t<div class=\"themestek-sbox-bgimage-layer themestek-bgimage-layer\"><\/div>\r\n\t<div class=\"themestek-ihbox-wrapper-bg-layer themestek-bg-layer\"><\/div>\r\n\t<div class=\"themestek-ihbox-inner\">\r\n\t\t<div class=\"themestek-ihbox-icon\">\r\n\t\t\t<div class=\"themestek-ihbox-icon-wrapper\"><i class=\"themestek-liviza-business-icon themestek-liviza-business-icon-worker\"><\/i><\/div>\t\t<\/div>\r\n\t\t<div class=\"themestek-ihbox-contents\">\r\n\t\t\t<div class=\"themestek-vc_general themestek-vc_cta3 themestek-cta3-only themestek-vc_cta3-style-classic themestek-vc_cta3-shape-rounded themestek-vc_cta3-align-left themestek-vc_cta3-color-transparent themestek-vc_cta3-icon-size-md themestek-vc_cta3-actions-no themestek-cta3-without-desc\"><div class=\"themestek-vc_cta3_content-container\"><div class=\"themestek-vc_cta3-content\"><div class=\"themestek-vc_cta3-content-header themestek-wrap\"><div class=\"themestek-vc_cta3-headers themestek-wrap-cell\"><h2 style=\"font-size:24px\" class=\"themestek-custom-heading stats-heading \">20+<\/h2>\n<h4 style=\"font-size:16px;color:#334770\" class=\"themestek-custom-heading stats-subheading \">Registered Migration Agents<\/h4>\n<\/div><\/div><\/div><\/div><\/div>\t\t\t\t\t\t\t\t<\/div><!-- .themestek-ihbox-contents -->\r\n\t<\/div>\r\n<\/div>\r\n[\/vc_column][vc_column width=&#8221;1\/4&#8243; css=&#8221;.vc_custom_1645148771287{padding-top: 20px !important;}&#8221;]<div class=\"themestek-ihbox themestek-ihbox-style-2 themestek-ihbox-itype-icon \">\r\n\t<div class=\"themestek-sbox-bgimage-layer themestek-bgimage-layer\"><\/div>\r\n\t<div class=\"themestek-ihbox-wrapper-bg-layer themestek-bg-layer\"><\/div>\r\n\t<div class=\"themestek-ihbox-inner\">\r\n\t\t<div class=\"themestek-ihbox-icon\">\r\n\t\t\t<div class=\"themestek-ihbox-icon-wrapper\"><i class=\"themestek-liviza-business-icon themestek-liviza-business-icon-resident\"><\/i><\/div>\t\t<\/div>\r\n\t\t<div class=\"themestek-ihbox-contents\">\r\n\t\t\t<div class=\"themestek-vc_general themestek-vc_cta3 themestek-cta3-only themestek-vc_cta3-style-classic themestek-vc_cta3-shape-rounded themestek-vc_cta3-align-left themestek-vc_cta3-color-transparent themestek-vc_cta3-icon-size-md themestek-vc_cta3-actions-no themestek-cta3-without-desc\"><div class=\"themestek-vc_cta3_content-container\"><div class=\"themestek-vc_cta3-content\"><div class=\"themestek-vc_cta3-content-header themestek-wrap\"><div class=\"themestek-vc_cta3-headers themestek-wrap-cell\"><h2 style=\"font-size:24px\" class=\"themestek-custom-heading stats-heading \">80+<\/h2>\n<h4 style=\"font-size:16px;color:#334770\" class=\"themestek-custom-heading stats-subheading \">Branch Offices<\/h4>\n<\/div><\/div><\/div><\/div><\/div>\t\t\t\t\t\t\t\t<\/div><!-- .themestek-ihbox-contents -->\r\n\t<\/div>\r\n<\/div>\r\n[\/vc_column][vc_column width=&#8221;1\/4&#8243; css=&#8221;.vc_custom_1645148776134{padding-top: 20px !important;}&#8221;]<div class=\"themestek-ihbox themestek-ihbox-style-2 themestek-ihbox-itype-icon \">\r\n\t<div class=\"themestek-sbox-bgimage-layer themestek-bgimage-layer\"><\/div>\r\n\t<div class=\"themestek-ihbox-wrapper-bg-layer themestek-bg-layer\"><\/div>\r\n\t<div class=\"themestek-ihbox-inner\">\r\n\t\t<div class=\"themestek-ihbox-icon\">\r\n\t\t\t<div class=\"themestek-ihbox-icon-wrapper\"><i class=\"themestek-liviza-business-icon themestek-liviza-business-icon-university\"><\/i><\/div>\t\t<\/div>\r\n\t\t<div class=\"themestek-ihbox-contents\">\r\n\t\t\t<div class=\"themestek-vc_general themestek-vc_cta3 themestek-cta3-only themestek-vc_cta3-style-classic themestek-vc_cta3-shape-rounded themestek-vc_cta3-align-left themestek-vc_cta3-color-transparent themestek-vc_cta3-icon-size-md themestek-vc_cta3-actions-no themestek-cta3-without-desc\"><div class=\"themestek-vc_cta3_content-container\"><div class=\"themestek-vc_cta3-content\"><div class=\"themestek-vc_cta3-content-header themestek-wrap\"><div class=\"themestek-vc_cta3-headers themestek-wrap-cell\"><h2 style=\"font-size:24px\" class=\"themestek-custom-heading stats-heading \">600+<\/h2>\n<h4 style=\"font-size:16px;color:#334770\" class=\"themestek-custom-heading stats-subheading \">Global Partners<\/h4>\n<\/div><\/div><\/div><\/div><\/div>\t\t\t\t\t\t\t\t<\/div><!-- .themestek-ihbox-contents -->\r\n\t<\/div>\r\n<\/div>\r\n[\/vc_column][\/vc_row][vc_row css=&#8221;.vc_custom_1645149522690{padding-top: 0px !important;padding-bottom: 0px !important;}&#8221;][vc_column][vc_column_text]<span style=\"font-size: 14pt\">V\u00ec c\u00e1c d\u1ecbch v\u1ee5 c\u1ee7a ch\u00fang t\u00f4i \u0111\u01b0\u1ee3c trang b\u1ecb \u0111\u1ea7y \u0111\u1ee7 nh\u1eefng th\u1ee9 t\u1ed1t nh\u1ea5t m\u00e0 b\u1ea1n c\u00f3 th\u1ec3 t\u00ecm th\u1ea5y, n\u00ean con \u0111\u01b0\u1eddng d\u1eabn \u0111\u1ebfn m\u1ed9t t\u01b0\u01a1ng lai t\u01b0\u01a1i s\u00e1ng c\u1ee7a b\u1ea1n s\u1ebd tr\u1edf n\u00ean v\u1eefng ch\u1eafc.<\/span>[\/vc_column_text][\/vc_column][\/vc_row][vc_row themestek_bgcolor=&#8221;grey&#8221; full_width=&#8221;stretch_row&#8221; css=&#8221;.vc_custom_1645163474472{padding-top: 60px !important;padding-bottom: 80px !important;}&#8221;][vc_column]<h3 style=\"text-align:left;color:#334770;\" class=\"themestek-custom-heading vc_custom_1668252763026\" >Nh\u1eadn c\u00e1c l\u1ef1a ch\u1ecdn h\u1ecdc t\u1eadp kh\u1ea3 thi v\u00e0 t\u01b0 v\u1ea5n ngh\u1ec1 nghi\u1ec7p<\/h3>\n[vc_column_text]<\/p>\n<p style=\"text-align: justify\"><span style=\"font-size: 12pt\">V\u1edbi h\u01a1n 20 n\u0103m kinh nghi\u1ec7m, EEVS \u0111\u00e3 h\u1ed7 tr\u1ee3 th\u00e0nh c\u00f4ng h\u01a1n 100.000 h\u1ecdc sinh &#8211; sinh vi\u00ean tr\u00ean kh\u1eafp th\u1ebf gi\u1edbi th\u1ef1c hi\u1ec7n \u01b0\u1edbc m\u01a1 du h\u1ecdc. Ch\u00fang t\u00f4i hi\u1ec3u r\u00f5 c\u00e1c th\u1ee7 t\u1ee5c, y\u00eau c\u1ea7u v\u00e0 \u0111i\u1ec1u ki\u1ec7n c\u1ee7a t\u1eebng qu\u1ed1c gia, \u0111\u1eb7c bi\u1ec7t l\u00e0 \u00dac.<\/span><\/p>\n<p style=\"text-align: justify\"><span style=\"font-size: 12pt\">M\u1eb7c d\u00f9 l\u00e0 c\u00f4ng ty cung c\u1ea5p d\u1ecbch v\u1ee5 t\u01b0 v\u1ea5n du h\u1ecdc nh\u01b0ng EEVS kh\u00f4ng d\u1eebng l\u1ea1i \u1edf \u0111\u00f3 m\u00e0 c\u00f2n h\u1ed7 tr\u1ee3 v\u1ec1 c\u00e1c th\u1ee7 t\u1ee5c h\u1ed3 s\u01a1 v\u00e0 \u0111\u1eddi s\u1ed1ng t\u1ea1i qu\u1ed1c gia \u0111\u00f3. Ch\u00fang t\u00f4i s\u1ebd gi\u00fap b\u1ea1n t\u00ecm ki\u1ebfm ch\u1ed7 \u1edf, ch\u01b0\u01a1ng tr\u00ecnh h\u1ecdc b\u1ed5ng t\u1ed1t nh\u1ea5t, v\u00e0 \u0111\u1ecbnh h\u00ecnh chi ph\u00ed sinh ho\u1ea1t.<\/span><\/p>\n<p>[\/vc_column_text]<div class=\"themestek-boxes themestek-boxes-static themestek-boxes-view-default themestek-boxes-static- themestek-boxes-col-two themestek-boxes-sortable- themestek-boxes-textalign-left themestek-boxes-sortablebutton- themestek-heading-position- mission-vision-box vc_custom_1694679959873\" data-themestek-headingpos=\"\" >\n\t\t<div class=\"themestek-boxes-inner themestek-boxes-static-inner \"><div class=\"row multi-columns-row themestek-boxes-row-wrapper box-shadow-2\"><div class=\"themestek-box-col-wrapper col-lg-6 col-sm-6 col-md-6 col-xs-12 \">\r\n\t\t\t\t\t\t<div class=\"themestek-static-box-wrapper themestek-boxes-feature-plans themestek-hover-style-2 themestek-box\">\r\n\t\t\t\t\t\t\t<div class=\"themestek-static-box-image\"> \r\n\t\t\t\t\t\t\t\t\r\n\t\t\t\t\t\t\t<\/div>\r\n\t\t\t\t\t\t\t<div class=\"themestek-static-box-content\" >\r\n\t\t\t\t\t\t\t\t<div class=\"themestek-box-title\"><h4>S\u1ee9 m\u1ec7nh<\/h4><\/div>\r\n\t\t\t\t\t\t\t\t<div class=\"themestek-static-box-desc\">Ch\u00fang t\u00f4i \u0111\u01b0a ra gi\u1ea3i ph\u00e1p c\u00e1 nh\u00e2n h\u00f3a cho t\u1eebng kh\u00e1ch h\u00e0ng, gi\u00fap kh\u00e1ch h\u00e0ng \u0111\u01b0a ra quy\u1ebft \u0111\u1ecbnh ph\u00f9 h\u1ee3p nh\u1ea5t tr\u01b0\u1edbc khi l\u1ef1a ch\u1ecdn tr\u01b0\u1eddng h\u1ecdc & c\u1ea3 sau t\u1ed1t nghi\u1ec7p<\/div>\r\n\t\t\t\t\t\t\t<\/div>\r\n\t\t\t\t\t\t<\/div>\r\n\t\t\t\t\t\t<\/div><div class=\"themestek-box-col-wrapper col-lg-6 col-sm-6 col-md-6 col-xs-12 \">\r\n\t\t\t\t\t\t<div class=\"themestek-static-box-wrapper themestek-boxes-feature-plans themestek-hover-style-2 themestek-box\">\r\n\t\t\t\t\t\t\t<div class=\"themestek-static-box-image\"> \r\n\t\t\t\t\t\t\t\t\r\n\t\t\t\t\t\t\t<\/div>\r\n\t\t\t\t\t\t\t<div class=\"themestek-static-box-content\" >\r\n\t\t\t\t\t\t\t\t<div class=\"themestek-box-title\"><h4>T\u1ea7m nh\u00ecn<\/h4><\/div>\r\n\t\t\t\t\t\t\t\t<div class=\"themestek-static-box-desc\">Ch\u00fang t\u00f4i h\u1ed7 tr\u1ee3 kh\u00e1ch h\u00e0ng du h\u1ecdc th\u00e0nh c\u00f4ng v\u00e0 \u0111\u1ed3ng h\u00e0nh c\u00e1c b\u1ea1n \u0111\u1ea1t \u0111\u01b0\u1ee3c nh\u1eefng m\u1ee5c ti\u00eau xa h\u01a1n trong s\u1ef1 nghi\u1ec7p t\u01b0\u01a1ng lai.<\/div>\r\n\t\t\t\t\t\t\t<\/div>\r\n\t\t\t\t\t\t<\/div>\r\n\t\t\t\t\t\t<\/div><\/div><!-- .row multi-columns-row themestek-boxes-row-wrapper -->  <\/div><!-- .themestek-boxes-inner -->   <\/div><!-- .themestek-boxes -->  [\/vc_column][\/vc_row][vc_row themestek_bgcolor=&#8221;skincolor&#8221; full_width=&#8221;stretch_row&#8221; content_placement=&#8221;middle&#8221; css=&#8221;.vc_custom_1645163468048{padding-top: 110px !important;padding-bottom: 80px !important;background-position: center !important;background-repeat: no-repeat !important;background-size: cover !important;}&#8221; el_class=&#8221;themestek-bg-pattarn-3&#8243; themestek_responsive_css=&#8221;67174189|colbreak_no||||||15||15|colbreak_yes|||||||||colbreak_no||||||||||colbreak_no|||||||||&#8221;][vc_column width=&#8221;2\/3&#8243;]<div class=\"themestek-element-heading-wrapper themestek-heading-inner themestek-element-align-left themestek-seperator-none \"><section class=\"themestek-vc_cta3-container\"><div class=\"themestek-vc_general themestek-vc_cta3 themestek-cta3-only themestek-vc_cta3-style-classic themestek-vc_cta3-shape-rounded themestek-vc_cta3-align-left themestek-vc_cta3-color-transparent themestek-vc_cta3-icon-size-md themestek-vc_cta3-actions-no themestek-cta3-without-desc\"><div class=\"themestek-vc_cta3_content-container\"><div class=\"themestek-vc_cta3-content\"><div class=\"themestek-vc_cta3-content-header themestek-wrap\"><div class=\"themestek-vc_cta3-headers themestek-wrap-cell\"><h2 class=\"themestek-custom-heading \" >B\u1eaft \u0111\u1ea7u k\u1ebf ho\u1ea1ch du h\u1ecdc c\u1ee7a b\u1ea1n ngay h\u00f4m nay<\/h2>\n<h4 style=\"font-size:16px;color:#ffffff;\" class=\"themestek-custom-heading call-to-action-p \" >Nh\u1eadn l\u1eddi khuy\u00ean c\u1ee7a chuy\u00ean gia v\u1ec1 vi\u1ec7c ch\u1ecdn c\u01a1 s\u1edf gi\u00e1o d\u1ee5c, h\u1ecdc b\u1ed5ng, ch\u1ed7 \u1edf v\u00e0 h\u01a1n th\u1ebf n\u1eefa.<\/h4>\n<\/div><\/div><\/div><\/div><\/div><\/section><\/div> <!-- .themestek-element-heading-wrapper container --> [\/vc_column][vc_column width=&#8221;1\/3&#8243;]\r\n\t\t<div class=\"themestek-vc_btn3-container  wpb_animate_when_almost_visible wpb_ wpb_animate_when_almost_visible wpb_fadeInRight fadeInRight  wpb_animate_when_almost_visible wpb_fadeInRight fadeInRight themestek-vc_btn3-inline vc_custom_1673443148869\"><a onmouseleave=\"this.style.borderColor='#ffffff'; this.style.backgroundColor='transparent'; this.style.color='#ffffff'\" onmouseenter=\"this.style.borderColor='#344871'; this.style.backgroundColor='#344871'; this.style.color='#ffffff';\" style=\"border-color:#ffffff; color:#ffffff;\" class=\"themestek-vc_general themestek-vc_btn3 themestek-vc_btn3-size-lg themestek-vc_btn3-shape-rounded themestek-vc_btn3-style-outline-custom themestek-vc_btn3-weight-yes themestek-vc_btn3-icon-right\" href=\"https:\/\/experteducation.com\/vietnam\/lien-he\" title=\"Contact\" target=\"_blank\"><span>LI\u00caN H\u1ec6 NGAY <i class=\"themestek-vc_btn3-icon themifyicon ti-arrow-right\"><\/i><\/span><\/a><\/div>[\/vc_column][\/vc_row]<\/p>\n","protected":false},"excerpt":{"rendered":"<p>[vc_row themestek_responsive_css=&#8221;66659895|colbreak_no|||||||||colbreak_yes|||||||||colbreak_no||||||||||colbreak_no|||||||||&#8221; css=&#8221;.vc_custom_1645149014983{padding-bottom: 20px !important;}&#8221; el_id=&#8221;main-row&#8221;][vc_column][vc_column_text] EEVS Vietnam (Expert Education Vietnam) t\u1ef1 h\u00e0o l\u00e0 c\u00f4ng ty t\u01b0 v\u1ea5n du h\u1ecdc h\u00e0ng \u0111\u1ea7u v\u1edbi s\u1ef1 hi\u1ec7n di\u1ec7n t\u1ea1i 20 qu\u1ed1c gia &hellip; <a href=\"https:\/\/experteducation.com\/vietnam\/gioi-thieu\/\" class=\"more-link\">Continue reading <span class=\"screen-reader-text\">Gi\u1edbi thi\u1ec7u<\/span><\/a><\/p>\n","protected":false},"author":1,"featured_media":0,"parent":0,"menu_order":7,"comment_status":"closed","ping_status":"closed","template":"","meta":{"_monsterinsights_skip_tracking":false,"_monsterinsights_sitenote_active":false,"_monsterinsights_sitenote_note":"","_monsterinsights_sitenote_category":0,"footnotes":""},"class_list":["post-6669","page","type-page","status-publish","hentry"],"yoast_head":"<!-- This site is optimized with the Yoast SEO Premium plugin v18.7 (Yoast SEO v23.4) - https:\/\/yoast.com\/wordpress\/plugins\/seo\/ -->\n<title>Gi\u1edbi thi\u1ec7u - Expert Education<\/title>\n<meta name=\"robots\" content=\"index, follow, max-snippet:-1, max-image-preview:large, max-video-preview:-1\" \/>\n<link rel=\"canonical\" href=\"https:\/\/experteducation.com\/vietnam\/gioi-thieu\/\" \/>\n<meta property=\"og:locale\" content=\"en_US\" \/>\n<meta property=\"og:type\" content=\"article\" \/>\n<meta property=\"og:title\" content=\"Gi\u1edbi thi\u1ec7u\" \/>\n<meta property=\"og:description\" content=\"[vc_row themestek_responsive_css=&#8221;66659895|colbreak_no|||||||||colbreak_yes|||||||||colbreak_no||||||||||colbreak_no|||||||||&#8221; css=&#8221;.vc_custom_1645149014983{padding-bottom: 20px !important;}&#8221; el_id=&#8221;main-row&#8221;][vc_column][vc_column_text] EEVS Vietnam (Expert Education Vietnam) t\u1ef1 h\u00e0o l\u00e0 c\u00f4ng ty t\u01b0 v\u1ea5n du h\u1ecdc h\u00e0ng \u0111\u1ea7u v\u1edbi s\u1ef1 hi\u1ec7n di\u1ec7n t\u1ea1i 20 qu\u1ed1c gia &hellip; Continue reading Gi\u1edbi thi\u1ec7u\" \/>\n<meta property=\"og:url\" content=\"https:\/\/experteducation.com\/vietnam\/gioi-thieu\/\" \/>\n<meta property=\"og:site_name\" content=\"Expert Education\" \/>\n<meta property=\"article:publisher\" content=\"https:\/\/www.facebook.com\/EEVSVietNam1\" \/>\n<meta property=\"article:modified_time\" content=\"2025-11-28T09:36:36+00:00\" \/>\n<meta property=\"og:image\" content=\"https:\/\/cdn.experteducation.com\/wp-content\/uploads\/sites\/12\/2021\/04\/20144214\/expert_new_logo_vertical.png\" \/>\n\t<meta property=\"og:image:width\" content=\"400\" \/>\n\t<meta property=\"og:image:height\" content=\"400\" \/>\n\t<meta property=\"og:image:type\" content=\"image\/png\" \/>\n<meta name=\"twitter:card\" content=\"summary_large_image\" \/>\n<meta name=\"twitter:label1\" content=\"Est. reading time\" \/>\n\t<meta name=\"twitter:data1\" content=\"2 minutes\" \/>\n<script type=\"application\/ld+json\" class=\"yoast-schema-graph\">{\"@context\":\"https:\/\/schema.org\",\"@graph\":[{\"@type\":\"WebPage\",\"@id\":\"https:\/\/experteducation.com\/vietnam\/gioi-thieu\/\",\"url\":\"https:\/\/experteducation.com\/vietnam\/gioi-thieu\/\",\"name\":\"Gi\u1edbi thi\u1ec7u - Expert Education\",\"isPartOf\":{\"@id\":\"https:\/\/experteducation.com\/vietnam\/#website\"},\"datePublished\":\"2018-08-02T22:06:05+00:00\",\"dateModified\":\"2025-11-28T09:36:36+00:00\",\"breadcrumb\":{\"@id\":\"https:\/\/experteducation.com\/vietnam\/gioi-thieu\/#breadcrumb\"},\"inLanguage\":\"en-US\",\"potentialAction\":[{\"@type\":\"ReadAction\",\"target\":[\"https:\/\/experteducation.com\/vietnam\/gioi-thieu\/\"]}]},{\"@type\":\"BreadcrumbList\",\"@id\":\"https:\/\/experteducation.com\/vietnam\/gioi-thieu\/#breadcrumb\",\"itemListElement\":[{\"@type\":\"ListItem\",\"position\":1,\"name\":\"Home\",\"item\":\"https:\/\/experteducation.com\/vietnam\/\"},{\"@type\":\"ListItem\",\"position\":2,\"name\":\"Gi\u1edbi thi\u1ec7u\"}]},{\"@type\":\"WebSite\",\"@id\":\"https:\/\/experteducation.com\/vietnam\/#website\",\"url\":\"https:\/\/experteducation.com\/vietnam\/\",\"name\":\"Expert Education\",\"description\":\"Rely on Experts\",\"publisher\":{\"@id\":\"https:\/\/experteducation.com\/vietnam\/#organization\"},\"potentialAction\":[{\"@type\":\"SearchAction\",\"target\":{\"@type\":\"EntryPoint\",\"urlTemplate\":\"https:\/\/experteducation.com\/vietnam\/?s={search_term_string}\"},\"query-input\":{\"@type\":\"PropertyValueSpecification\",\"valueRequired\":true,\"valueName\":\"search_term_string\"}}],\"inLanguage\":\"en-US\"},{\"@type\":\"Organization\",\"@id\":\"https:\/\/experteducation.com\/vietnam\/#organization\",\"name\":\"Expert Education and Visa Services\",\"url\":\"https:\/\/experteducation.com\/vietnam\/\",\"logo\":{\"@type\":\"ImageObject\",\"inLanguage\":\"en-US\",\"@id\":\"https:\/\/experteducation.com\/vietnam\/#\/schema\/logo\/image\/\",\"url\":\"https:\/\/experteducation.com\/vietnam\/wp-content\/uploads\/sites\/12\/2021\/05\/Expert_Primary-Logo-e1615787957750-3.png\",\"contentUrl\":\"https:\/\/experteducation.com\/vietnam\/wp-content\/uploads\/sites\/12\/2021\/05\/Expert_Primary-Logo-e1615787957750-3.png\",\"width\":1200,\"height\":346,\"caption\":\"Expert Education and Visa Services\"},\"image\":{\"@id\":\"https:\/\/experteducation.com\/vietnam\/#\/schema\/logo\/image\/\"},\"sameAs\":[\"https:\/\/www.facebook.com\/EEVSVietNam1\",\"https:\/\/www.instagram.com\/eevsvietnam\/\",\"https:\/\/www.linkedin.com\/company\/eevsvietnam\/\",\"https:\/\/www.youtube.com\/@eevsvietnam\",\"https:\/\/www.tiktok.com\/@eevsvietnam\"]}]}<\/script>\n<!-- \/ Yoast SEO Premium plugin. -->","yoast_head_json":{"title":"Gi\u1edbi thi\u1ec7u - Expert Education","robots":{"index":"index","follow":"follow","max-snippet":"max-snippet:-1","max-image-preview":"max-image-preview:large","max-video-preview":"max-video-preview:-1"},"canonical":"https:\/\/experteducation.com\/vietnam\/gioi-thieu\/","og_locale":"en_US","og_type":"article","og_title":"Gi\u1edbi thi\u1ec7u","og_description":"[vc_row themestek_responsive_css=&#8221;66659895|colbreak_no|||||||||colbreak_yes|||||||||colbreak_no||||||||||colbreak_no|||||||||&#8221; css=&#8221;.vc_custom_1645149014983{padding-bottom: 20px !important;}&#8221; el_id=&#8221;main-row&#8221;][vc_column][vc_column_text] EEVS Vietnam (Expert Education Vietnam) t\u1ef1 h\u00e0o l\u00e0 c\u00f4ng ty t\u01b0 v\u1ea5n du h\u1ecdc h\u00e0ng \u0111\u1ea7u v\u1edbi s\u1ef1 hi\u1ec7n di\u1ec7n t\u1ea1i 20 qu\u1ed1c gia &hellip; Continue reading Gi\u1edbi thi\u1ec7u","og_url":"https:\/\/experteducation.com\/vietnam\/gioi-thieu\/","og_site_name":"Expert Education","article_publisher":"https:\/\/www.facebook.com\/EEVSVietNam1","article_modified_time":"2025-11-28T09:36:36+00:00","og_image":[{"width":400,"height":400,"url":"https:\/\/cdn.experteducation.com\/wp-content\/uploads\/sites\/12\/2021\/04\/20144214\/expert_new_logo_vertical.png","type":"image\/png"}],"twitter_card":"summary_large_image","twitter_misc":{"Est. reading time":"2 minutes"},"schema":{"@context":"https:\/\/schema.org","@graph":[{"@type":"WebPage","@id":"https:\/\/experteducation.com\/vietnam\/gioi-thieu\/","url":"https:\/\/experteducation.com\/vietnam\/gioi-thieu\/","name":"Gi\u1edbi thi\u1ec7u - Expert Education","isPartOf":{"@id":"https:\/\/experteducation.com\/vietnam\/#website"},"datePublished":"2018-08-02T22:06:05+00:00","dateModified":"2025-11-28T09:36:36+00:00","breadcrumb":{"@id":"https:\/\/experteducation.com\/vietnam\/gioi-thieu\/#breadcrumb"},"inLanguage":"en-US","potentialAction":[{"@type":"ReadAction","target":["https:\/\/experteducation.com\/vietnam\/gioi-thieu\/"]}]},{"@type":"BreadcrumbList","@id":"https:\/\/experteducation.com\/vietnam\/gioi-thieu\/#breadcrumb","itemListElement":[{"@type":"ListItem","position":1,"name":"Home","item":"https:\/\/experteducation.com\/vietnam\/"},{"@type":"ListItem","position":2,"name":"Gi\u1edbi thi\u1ec7u"}]},{"@type":"WebSite","@id":"https:\/\/experteducation.com\/vietnam\/#website","url":"https:\/\/experteducation.com\/vietnam\/","name":"Expert Education","description":"Rely on Experts","publisher":{"@id":"https:\/\/experteducation.com\/vietnam\/#organization"},"potentialAction":[{"@type":"SearchAction","target":{"@type":"EntryPoint","urlTemplate":"https:\/\/experteducation.com\/vietnam\/?s={search_term_string}"},"query-input":{"@type":"PropertyValueSpecification","valueRequired":true,"valueName":"search_term_string"}}],"inLanguage":"en-US"},{"@type":"Organization","@id":"https:\/\/experteducation.com\/vietnam\/#organization","name":"Expert Education and Visa Services","url":"https:\/\/experteducation.com\/vietnam\/","logo":{"@type":"ImageObject","inLanguage":"en-US","@id":"https:\/\/experteducation.com\/vietnam\/#\/schema\/logo\/image\/","url":"https:\/\/experteducation.com\/vietnam\/wp-content\/uploads\/sites\/12\/2021\/05\/Expert_Primary-Logo-e1615787957750-3.png","contentUrl":"https:\/\/experteducation.com\/vietnam\/wp-content\/uploads\/sites\/12\/2021\/05\/Expert_Primary-Logo-e1615787957750-3.png","width":1200,"height":346,"caption":"Expert Education and Visa Services"},"image":{"@id":"https:\/\/experteducation.com\/vietnam\/#\/schema\/logo\/image\/"},"sameAs":["https:\/\/www.facebook.com\/EEVSVietNam1","https:\/\/www.instagram.com\/eevsvietnam\/","https:\/\/www.linkedin.com\/company\/eevsvietnam\/","https:\/\/www.youtube.com\/@eevsvietnam","https:\/\/www.tiktok.com\/@eevsvietnam"]}]}},"jetpack_sharing_enabled":true,"_links":{"self":[{"href":"https:\/\/experteducation.com\/vietnam\/wp-json\/wp\/v2\/pages\/6669"}],"collection":[{"href":"https:\/\/experteducation.com\/vietnam\/wp-json\/wp\/v2\/pages"}],"about":[{"href":"https:\/\/experteducation.com\/vietnam\/wp-json\/wp\/v2\/types\/page"}],"author":[{"embeddable":true,"href":"https:\/\/experteducation.com\/vietnam\/wp-json\/wp\/v2\/users\/1"}],"replies":[{"embeddable":true,"href":"https:\/\/experteducation.com\/vietnam\/wp-json\/wp\/v2\/comments?post=6669"}],"version-history":[{"count":2,"href":"https:\/\/experteducation.com\/vietnam\/wp-json\/wp\/v2\/pages\/6669\/revisions"}],"predecessor-version":[{"id":23514,"href":"https:\/\/experteducation.com\/vietnam\/wp-json\/wp\/v2\/pages\/6669\/revisions\/23514"}],"wp:attachment":[{"href":"https:\/\/experteducation.com\/vietnam\/wp-json\/wp\/v2\/media?parent=6669"}],"curies":[{"name":"wp","href":"https:\/\/api.w.org\/{rel}","templated":true}]}}